{"id":3271,"date":"2021-09-14T08:39:47","date_gmt":"2021-09-14T08:39:47","guid":{"rendered":"https:\/\/www.completetoursegypt.com\/?page_id=3271"},"modified":"2023-03-17T12:59:59","modified_gmt":"2023-03-17T12:59:59","slug":"aegypten-transfer-services","status":"publish","type":"page","link":"https:\/\/www.completetoursegypt.com\/de\/aegypten-transfer-services\/","title":{"rendered":"Transfer Services"},"content":{"rendered":"\t\t<div data-elementor-type=\"wp-page\" data-elementor-id=\"3271\" class=\"elementor elementor-3271\">\n\t\t\t\t\t\t<section class=\"elementor-section elementor-top-section elementor-element elementor-element-c9216be elementor-section-boxed elementor-section-height-default elementor-section-height-default\" data-id=\"c9216be\" data-element_type=\"section\" data-e-type=\"section\">\n\t\t\t\t\t\t<div class=\"elementor-container elementor-column-gap-default\">\n\t\t\t\t\t<div class=\"elementor-column elementor-col-100 elementor-top-column elementor-element elementor-element-b994049\" data-id=\"b994049\" data-element_type=\"column\" data-e-type=\"column\">\n\t\t\t<div class=\"elementor-widget-wrap elementor-element-populated\">\n\t\t\t\t\t\t<div class=\"elementor-element elementor-element-33934e8 elementor-position-inline-start elementor-view-default elementor-mobile-position-block-start elementor-widget elementor-widget-icon-box\" data-id=\"33934e8\" data-element_type=\"widget\" data-e-type=\"widget\" data-widget_type=\"icon-box.default\">\n\t\t\t\t<div class=\"elementor-widget-container\">\n\t\t\t\t\t\t\t<div class=\"elementor-icon-box-wrapper\">\n\n\t\t\t\t\t\t<div class=\"elementor-icon-box-icon\">\n\t\t\t\t<span  class=\"elementor-icon\">\n\t\t\t\t<i aria-hidden=\"true\" class=\"fas fa-bus\"><\/i>\t\t\t\t<\/span>\n\t\t\t<\/div>\n\t\t\t\n\t\t\t\t\t\t<div class=\"elementor-icon-box-content\">\n\n\t\t\t\t\t\t\t\t\t<h3 class=\"elementor-icon-box-title\">\n\t\t\t\t\t\t<span  >\n\t\t\t\t\t\t\t\u00c4gypten Transfer Services \t\t\t\t\t\t<\/span>\n\t\t\t\t\t<\/h3>\n\t\t\t\t\n\t\t\t\t\t\t\t\t\t<p class=\"elementor-icon-box-description\">\n\t\t\t\t\t\tGenie\u00dfen Sie einen erholsamen Start in den Urlaub in \u00c4gypten mit diesem Pre angeordnet Transferservice, Genie\u00dfen Sie eine stressfreie Ankunft in \u00c4gypten mit einem vorge angeordnet Flughafentransfer. Dabei wird Ihr \u00c4gypten Transfer ganz auf Ihre individuellen Bed\u00fcrfnisse abgestimmt. Ob Sie nun einen Familientransfer ben\u00f6tigen, einen Einzeltransfer oder aber einen Kleingruppentransfer \u2013 das alles ist kein Problem, Wir bieten einen privaten Flughafentransfer vom Flugh\u00e4fen in \u00c4gypten zu allen Zielen in \u00c4gypten, Erleben Sie Luxus pur mit diesem entspannenden Transfer service in \u00c4gypten. Alle Transfers von einem klimatisierten Fahrzeuge.\t\t\t\t\t<\/p>\n\t\t\t\t\n\t\t\t<\/div>\n\t\t\t\n\t\t<\/div>\n\t\t\t\t\t\t<\/div>\n\t\t\t\t<\/div>\n\t\t\t\t\t<\/div>\n\t\t<\/div>\n\t\t\t\t\t<\/div>\n\t\t<\/section>\n\t\t\t\t<section class=\"elementor-section elementor-top-section elementor-element elementor-element-842067d elementor-section-boxed elementor-section-height-default elementor-section-height-default\" data-id=\"842067d\" data-element_type=\"section\" data-e-type=\"section\">\n\t\t\t\t\t\t<div class=\"elementor-container elementor-column-gap-default\">\n\t\t\t\t\t<div class=\"elementor-column elementor-col-100 elementor-top-column elementor-element elementor-element-18b0869\" data-id=\"18b0869\" data-element_type=\"column\" data-e-type=\"column\">\n\t\t\t<div class=\"elementor-widget-wrap elementor-element-populated\">\n\t\t\t\t\t\t<div class=\"elementor-element elementor-element-54b8639 elementor-widget elementor-widget-travio_place_block\" data-id=\"54b8639\" data-element_type=\"widget\" data-e-type=\"widget\" data-widget_type=\"travio_place_block.default\">\n\t\t\t\t<div class=\"elementor-widget-container\">\n\t\t\t\t\t\t\t\t<section class=\"place-section sec-pad \">\n\t\t\t\t<div class=\"auto-container\">\n\t\t\t\t\t<div class=\"row clearfix\">\n\t\t\t\t\t\t\t\t\t\t\t\t\t<div class=\"col-lg-4 col-md-6 col-sm-12 place-block\">\n\t\t\t\t\t\t\t\t<div class=\"place-block-one\">\n\t\t\t\t\t\t\t\t\t<div class=\"inner-box\">\n\t\t\t\t\t\t\t\t\t\t<figure class=\"image-box\">\n\t\t\t\t\t\t\t\t\t\t\t\t\t\t\t\t\t\t\t\t\t\t\t<img decoding=\"async\" src=\"https:\/\/www.completetoursegypt.com\/de\/wp-content\/uploads\/2021\/07\/Sahl-Hasheesh-01.jpg\" alt=\"\">\n\t\t\t\t\t\t\t\t\t\t\t\t\t\t\t\t\t\t\t\t\t\t<\/figure>\n\t\t\t\t\t\t\t\t\t\t<div class=\"text\">\n\t\t\t\t\t\t\t\t\t\t\t<h3><a href=\"https:\/\/www.completetoursegypt.com\/de\/hurghada-transfer-services\/\" target=\"_blank\" rel=\"nofollow\">Hurghada Transfer service<\/a><\/h3>\n\t\t\t\t\t\t\t\t\t\t<\/div>\n\t\t\t\t\t\t\t\t\t<\/div>\n\t\t\t\t\t\t\t\t<\/div>\n\t\t\t\t\t\t\t<\/div>\n\t\t\t\t\t\t\t\t\t\t\t\t\t\t<div class=\"col-lg-4 col-md-6 col-sm-12 place-block\">\n\t\t\t\t\t\t\t\t<div class=\"place-block-one\">\n\t\t\t\t\t\t\t\t\t<div class=\"inner-box\">\n\t\t\t\t\t\t\t\t\t\t<figure class=\"image-box\">\n\t\t\t\t\t\t\t\t\t\t\t\t\t\t\t\t\t\t\t\t\t\t\t<img decoding=\"async\" src=\"https:\/\/www.completetoursegypt.com\/de\/wp-content\/uploads\/2021\/07\/El-Gouna.jpg\" alt=\"\">\n\t\t\t\t\t\t\t\t\t\t\t\t\t\t\t\t\t\t\t\t\t\t<\/figure>\n\t\t\t\t\t\t\t\t\t\t<div class=\"text\">\n\t\t\t\t\t\t\t\t\t\t\t<h3><a href=\"https:\/\/www.completetoursegypt.com\/de\/el-gouna-transfer-services\/\" target=\"_blank\" rel=\"nofollow\">El Gouna Transfer Services<\/a><\/h3>\n\t\t\t\t\t\t\t\t\t\t<\/div>\n\t\t\t\t\t\t\t\t\t<\/div>\n\t\t\t\t\t\t\t\t<\/div>\n\t\t\t\t\t\t\t<\/div>\n\t\t\t\t\t\t\t\t\t\t\t\t\t\t<div class=\"col-lg-4 col-md-6 col-sm-12 place-block\">\n\t\t\t\t\t\t\t\t<div class=\"place-block-one\">\n\t\t\t\t\t\t\t\t\t<div class=\"inner-box\">\n\t\t\t\t\t\t\t\t\t\t<figure class=\"image-box\">\n\t\t\t\t\t\t\t\t\t\t\t\t\t\t\t\t\t\t\t\t\t\t\t<img decoding=\"async\" src=\"https:\/\/www.completetoursegypt.com\/de\/wp-content\/uploads\/2021\/10\/Makadi-Bay-Excursions.jpg\" alt=\"\">\n\t\t\t\t\t\t\t\t\t\t\t\t\t\t\t\t\t\t\t\t\t\t<\/figure>\n\t\t\t\t\t\t\t\t\t\t<div class=\"text\">\n\t\t\t\t\t\t\t\t\t\t\t<h3><a href=\"https:\/\/www.completetoursegypt.com\/de\/makadi-bay-transfer-services\/\" target=\"_blank\" rel=\"nofollow\">Makadi Bay Transfer Services<\/a><\/h3>\n\t\t\t\t\t\t\t\t\t\t<\/div>\n\t\t\t\t\t\t\t\t\t<\/div>\n\t\t\t\t\t\t\t\t<\/div>\n\t\t\t\t\t\t\t<\/div>\n\t\t\t\t\t\t\t\t\t\t\t\t\t\t<div class=\"col-lg-4 col-md-6 col-sm-12 place-block\">\n\t\t\t\t\t\t\t\t<div class=\"place-block-one\">\n\t\t\t\t\t\t\t\t\t<div class=\"inner-box\">\n\t\t\t\t\t\t\t\t\t\t<figure class=\"image-box\">\n\t\t\t\t\t\t\t\t\t\t\t\t\t\t\t\t\t\t\t\t\t\t\t<img decoding=\"async\" src=\"https:\/\/www.completetoursegypt.com\/de\/wp-content\/uploads\/2021\/07\/Safaga-and-Soma-Bay-01.jpg\" alt=\"\">\n\t\t\t\t\t\t\t\t\t\t\t\t\t\t\t\t\t\t\t\t\t\t<\/figure>\n\t\t\t\t\t\t\t\t\t\t<div class=\"text\">\n\t\t\t\t\t\t\t\t\t\t\t<h3><a href=\"https:\/\/www.completetoursegypt.com\/de\/soma-bay-transfer-services\/\" target=\"_blank\" rel=\"nofollow\">Soma Bay Transfer Services<\/a><\/h3>\n\t\t\t\t\t\t\t\t\t\t<\/div>\n\t\t\t\t\t\t\t\t\t<\/div>\n\t\t\t\t\t\t\t\t<\/div>\n\t\t\t\t\t\t\t<\/div>\n\t\t\t\t\t\t\t\t\t\t\t\t\t\t<div class=\"col-lg-4 col-md-6 col-sm-12 place-block\">\n\t\t\t\t\t\t\t\t<div class=\"place-block-one\">\n\t\t\t\t\t\t\t\t\t<div class=\"inner-box\">\n\t\t\t\t\t\t\t\t\t\t<figure class=\"image-box\">\n\t\t\t\t\t\t\t\t\t\t\t\t\t\t\t\t\t\t\t\t\t\t\t<img decoding=\"async\" src=\"https:\/\/www.completetoursegypt.com\/de\/wp-content\/uploads\/2021\/07\/Luxor-01.jpg\" alt=\"\">\n\t\t\t\t\t\t\t\t\t\t\t\t\t\t\t\t\t\t\t\t\t\t<\/figure>\n\t\t\t\t\t\t\t\t\t\t<div class=\"text\">\n\t\t\t\t\t\t\t\t\t\t\t<h3><a href=\"https:\/\/www.completetoursegypt.com\/de\/luxor-transfer-services\/\" target=\"_blank\" rel=\"nofollow\">Luxor Transfer Services<\/a><\/h3>\n\t\t\t\t\t\t\t\t\t\t<\/div>\n\t\t\t\t\t\t\t\t\t<\/div>\n\t\t\t\t\t\t\t\t<\/div>\n\t\t\t\t\t\t\t<\/div>\n\t\t\t\t\t\t\t\t\t\t\t\t\t\t<div class=\"col-lg-4 col-md-6 col-sm-12 place-block\">\n\t\t\t\t\t\t\t\t<div class=\"place-block-one\">\n\t\t\t\t\t\t\t\t\t<div class=\"inner-box\">\n\t\t\t\t\t\t\t\t\t\t<figure class=\"image-box\">\n\t\t\t\t\t\t\t\t\t\t\t\t\t\t\t\t\t\t\t\t\t\t\t<img decoding=\"async\" src=\"https:\/\/www.completetoursegypt.com\/de\/wp-content\/uploads\/2021\/10\/Sahl-Hasheesh-Excursions.jpg\" alt=\"\">\n\t\t\t\t\t\t\t\t\t\t\t\t\t\t\t\t\t\t\t\t\t\t<\/figure>\n\t\t\t\t\t\t\t\t\t\t<div class=\"text\">\n\t\t\t\t\t\t\t\t\t\t\t<h3><a href=\"https:\/\/www.completetoursegypt.com\/de\/sahl-hasheesh-transfer-services\/\" target=\"_blank\" rel=\"nofollow\">Sahl Hasheesh Transfer Services<\/a><\/h3>\n\t\t\t\t\t\t\t\t\t\t<\/div>\n\t\t\t\t\t\t\t\t\t<\/div>\n\t\t\t\t\t\t\t\t<\/div>\n\t\t\t\t\t\t\t<\/div>\n\t\t\t\t\t\t\t\t\t\t\t\t\t\t<div class=\"col-lg-4 col-md-6 col-sm-12 place-block\">\n\t\t\t\t\t\t\t\t<div class=\"place-block-one\">\n\t\t\t\t\t\t\t\t\t<div class=\"inner-box\">\n\t\t\t\t\t\t\t\t\t\t<figure class=\"image-box\">\n\t\t\t\t\t\t\t\t\t\t\t\t\t\t\t\t\t\t\t\t\t\t\t<img decoding=\"async\" src=\"https:\/\/www.completetoursegypt.com\/de\/wp-content\/uploads\/2021\/07\/Safaga-and-Soma-Bay-01.jpg\" alt=\"\">\n\t\t\t\t\t\t\t\t\t\t\t\t\t\t\t\t\t\t\t\t\t\t<\/figure>\n\t\t\t\t\t\t\t\t\t\t<div class=\"text\">\n\t\t\t\t\t\t\t\t\t\t\t<h3><a href=\"https:\/\/www.completetoursegypt.com\/de\/safaga-transfer-services\/\" target=\"_blank\" rel=\"nofollow\">Safaga Transfer Services<\/a><\/h3>\n\t\t\t\t\t\t\t\t\t\t<\/div>\n\t\t\t\t\t\t\t\t\t<\/div>\n\t\t\t\t\t\t\t\t<\/div>\n\t\t\t\t\t\t\t<\/div>\n\t\t\t\t\t\t\t\t\t\t\t\t\t\t<div class=\"col-lg-4 col-md-6 col-sm-12 place-block\">\n\t\t\t\t\t\t\t\t<div class=\"place-block-one\">\n\t\t\t\t\t\t\t\t\t<div class=\"inner-box\">\n\t\t\t\t\t\t\t\t\t\t<figure class=\"image-box\">\n\t\t\t\t\t\t\t\t\t\t\t\t\t\t\t\t\t\t\t\t\t\t\t<img decoding=\"async\" src=\"https:\/\/www.completetoursegypt.com\/de\/wp-content\/uploads\/2022\/04\/marsa-alam-egypt.jpg\" alt=\"\">\n\t\t\t\t\t\t\t\t\t\t\t\t\t\t\t\t\t\t\t\t\t\t<\/figure>\n\t\t\t\t\t\t\t\t\t\t<div class=\"text\">\n\t\t\t\t\t\t\t\t\t\t\t<h3><a href=\"https:\/\/www.completetoursegypt.com\/de\/marsa-alam-transfer-services\/\" target=\"_blank\" rel=\"nofollow\">Marsa Alam Transfer Services<\/a><\/h3>\n\t\t\t\t\t\t\t\t\t\t<\/div>\n\t\t\t\t\t\t\t\t\t<\/div>\n\t\t\t\t\t\t\t\t<\/div>\n\t\t\t\t\t\t\t<\/div>\n\t\t\t\t\t\t\t\t\t\t\t\t<\/div>\n\t\t\t\t<\/div>\n\t\t\t<\/section>\n\t\t\t\t\t\t\t<\/div>\n\t\t\t\t<\/div>\n\t\t\t\t\t<\/div>\n\t\t<\/div>\n\t\t\t\t\t<\/div>\n\t\t<\/section>\n\t\t\t\t<\/div>\n\t\t","protected":false},"excerpt":{"rendered":"<p>\u00c4gypten Transfer Services Genie\u00dfen Sie einen erholsamen Start in den Urlaub in \u00c4gypten mit diesem Pre angeordnet Transferservice, Genie\u00dfen Sie eine stressfreie Ankunft in \u00c4gypten mit einem vorge angeordnet Flughafentransfer. Dabei wird Ihr \u00c4gypten Transfer ganz auf Ihre individuellen Bed\u00fcrfnisse abgestimmt. Ob Sie nun einen Familientransfer ben\u00f6tigen, einen Einzeltransfer oder aber einen Kleingruppentransfer \u2013 das [&hellip;]<\/p>\n","protected":false},"author":1,"featured_media":3319,"parent":0,"menu_order":0,"comment_status":"closed","ping_status":"closed","template":"elementor_header_footer","meta":{"nf_dc_page":"","footnotes":""},"class_list":["post-3271","page","type-page","status-publish","has-post-thumbnail","hentry"],"yoast_head":"<!-- This site is optimized with the Yoast SEO Premium plugin v20.9 (Yoast SEO v27.4) - https:\/\/yoast.com\/product\/yoast-seo-premium-wordpress\/ -->\n<title>Transfer Services - Complete Tours Egypt<\/title>\n<meta name=\"description\" content=\"Transfer Services in Egypt Enjoy a relaxing start to your vacation in Egypt with this pre arranged transfer service. Enjoy a stress-free\" \/>\n<meta name=\"robots\" content=\"index, follow, max-snippet:-1, max-image-preview:large, max-video-preview:-1\" \/>\n<link rel=\"canonical\" href=\"https:\/\/www.completetoursegypt.com\/de\/aegypten-transfer-services\/\" \/>\n<meta property=\"og:locale\" content=\"en_US\" \/>\n<meta property=\"og:type\" content=\"article\" \/>\n<meta property=\"og:title\" content=\"Transfer Services\" \/>\n<meta property=\"og:description\" content=\"\u00c4gypten Transfer Services Genie\u00dfen Sie einen erholsamen Start in den Urlaub in \u00c4gypten mit diesem Pre angeordnet Transferservice, Genie\u00dfen Sie eine\" \/>\n<meta property=\"og:url\" content=\"https:\/\/www.completetoursegypt.com\/de\/aegypten-transfer-services\/\" \/>\n<meta property=\"og:site_name\" content=\"Complete Tours Egypt\" \/>\n<meta property=\"article:publisher\" content=\"https:\/\/www.facebook.com\/CompleteToursEgypt\" \/>\n<meta property=\"article:modified_time\" content=\"2023-03-17T12:59:59+00:00\" \/>\n<meta property=\"og:image\" content=\"https:\/\/www.completetoursegypt.com\/de\/wp-content\/uploads\/2021\/08\/airport-transfers.png\" \/>\n\t<meta property=\"og:image:width\" content=\"1600\" \/>\n\t<meta property=\"og:image:height\" content=\"626\" \/>\n\t<meta property=\"og:image:type\" content=\"image\/png\" \/>\n<meta name=\"twitter:card\" content=\"summary_large_image\" \/>\n<meta name=\"twitter:site\" content=\"@Complete_Tours\" \/>\n<meta name=\"twitter:label1\" content=\"Est. reading time\" \/>\n\t<meta name=\"twitter:data1\" content=\"2 minutes\" \/>\n<script type=\"application\/ld+json\" class=\"yoast-schema-graph\">{\"@context\":\"https:\\\/\\\/schema.org\",\"@graph\":[{\"@type\":\"WebPage\",\"@id\":\"https:\\\/\\\/www.completetoursegypt.com\\\/de\\\/aegypten-transfer-services\\\/\",\"url\":\"https:\\\/\\\/www.completetoursegypt.com\\\/de\\\/aegypten-transfer-services\\\/\",\"name\":\"Transfer Services - Complete Tours Egypt\",\"isPartOf\":{\"@id\":\"https:\\\/\\\/www.completetoursegypt.com\\\/de\\\/#website\"},\"primaryImageOfPage\":{\"@id\":\"https:\\\/\\\/www.completetoursegypt.com\\\/de\\\/aegypten-transfer-services\\\/#primaryimage\"},\"image\":{\"@id\":\"https:\\\/\\\/www.completetoursegypt.com\\\/de\\\/aegypten-transfer-services\\\/#primaryimage\"},\"thumbnailUrl\":\"https:\\\/\\\/www.completetoursegypt.com\\\/de\\\/wp-content\\\/uploads\\\/2021\\\/08\\\/airport-transfers.png\",\"datePublished\":\"2021-09-14T08:39:47+00:00\",\"dateModified\":\"2023-03-17T12:59:59+00:00\",\"description\":\"Transfer Services in Egypt Enjoy a relaxing start to your vacation in Egypt with this pre arranged transfer service. Enjoy a stress-free\",\"breadcrumb\":{\"@id\":\"https:\\\/\\\/www.completetoursegypt.com\\\/de\\\/aegypten-transfer-services\\\/#breadcrumb\"},\"inLanguage\":\"en-US\",\"potentialAction\":[{\"@type\":\"ReadAction\",\"target\":[\"https:\\\/\\\/www.completetoursegypt.com\\\/de\\\/aegypten-transfer-services\\\/\"]}]},{\"@type\":\"ImageObject\",\"inLanguage\":\"en-US\",\"@id\":\"https:\\\/\\\/www.completetoursegypt.com\\\/de\\\/aegypten-transfer-services\\\/#primaryimage\",\"url\":\"https:\\\/\\\/www.completetoursegypt.com\\\/de\\\/wp-content\\\/uploads\\\/2021\\\/08\\\/airport-transfers.png\",\"contentUrl\":\"https:\\\/\\\/www.completetoursegypt.com\\\/de\\\/wp-content\\\/uploads\\\/2021\\\/08\\\/airport-transfers.png\",\"width\":1600,\"height\":626},{\"@type\":\"BreadcrumbList\",\"@id\":\"https:\\\/\\\/www.completetoursegypt.com\\\/de\\\/aegypten-transfer-services\\\/#breadcrumb\",\"itemListElement\":[{\"@type\":\"ListItem\",\"position\":1,\"name\":\"Home\",\"item\":\"https:\\\/\\\/www.completetoursegypt.com\\\/de\\\/\"},{\"@type\":\"ListItem\",\"position\":2,\"name\":\"Transfer Services\"}]},{\"@type\":\"WebSite\",\"@id\":\"https:\\\/\\\/www.completetoursegypt.com\\\/de\\\/#website\",\"url\":\"https:\\\/\\\/www.completetoursegypt.com\\\/de\\\/\",\"name\":\"Complete Tours Egypt\",\"description\":\"\u00c4gypten Touren und Ausfl\u00fcge\",\"publisher\":{\"@id\":\"https:\\\/\\\/www.completetoursegypt.com\\\/de\\\/#organization\"},\"potentialAction\":[{\"@type\":\"SearchAction\",\"target\":{\"@type\":\"EntryPoint\",\"urlTemplate\":\"https:\\\/\\\/www.completetoursegypt.com\\\/de\\\/?s={search_term_string}\"},\"query-input\":{\"@type\":\"PropertyValueSpecification\",\"valueRequired\":true,\"valueName\":\"search_term_string\"}}],\"inLanguage\":\"en-US\"},{\"@type\":\"Organization\",\"@id\":\"https:\\\/\\\/www.completetoursegypt.com\\\/de\\\/#organization\",\"name\":\"Complete Tours Egypt\",\"url\":\"https:\\\/\\\/www.completetoursegypt.com\\\/de\\\/\",\"logo\":{\"@type\":\"ImageObject\",\"inLanguage\":\"en-US\",\"@id\":\"https:\\\/\\\/www.completetoursegypt.com\\\/de\\\/#\\\/schema\\\/logo\\\/image\\\/\",\"url\":\"https:\\\/\\\/www.completetoursegypt.com\\\/de\\\/wp-content\\\/uploads\\\/2021\\\/07\\\/cropped-Complete-Tours-Logo.png\",\"contentUrl\":\"https:\\\/\\\/www.completetoursegypt.com\\\/de\\\/wp-content\\\/uploads\\\/2021\\\/07\\\/cropped-Complete-Tours-Logo.png\",\"width\":200,\"height\":80,\"caption\":\"Complete Tours Egypt\"},\"image\":{\"@id\":\"https:\\\/\\\/www.completetoursegypt.com\\\/de\\\/#\\\/schema\\\/logo\\\/image\\\/\"},\"sameAs\":[\"https:\\\/\\\/www.facebook.com\\\/CompleteToursEgypt\",\"https:\\\/\\\/x.com\\\/Complete_Tours\",\"https:\\\/\\\/www.instagram.com\\\/completetoursegypt\\\/\"]}]}<\/script>\n<!-- \/ Yoast SEO Premium plugin. -->","yoast_head_json":{"title":"Transfer Services - Complete Tours Egypt","description":"Transfer Services in Egypt Enjoy a relaxing start to your vacation in Egypt with this pre arranged transfer service. Enjoy a stress-free","robots":{"index":"index","follow":"follow","max-snippet":"max-snippet:-1","max-image-preview":"max-image-preview:large","max-video-preview":"max-video-preview:-1"},"canonical":"https:\/\/www.completetoursegypt.com\/de\/aegypten-transfer-services\/","og_locale":"en_US","og_type":"article","og_title":"Transfer Services","og_description":"\u00c4gypten Transfer Services Genie\u00dfen Sie einen erholsamen Start in den Urlaub in \u00c4gypten mit diesem Pre angeordnet Transferservice, Genie\u00dfen Sie eine","og_url":"https:\/\/www.completetoursegypt.com\/de\/aegypten-transfer-services\/","og_site_name":"Complete Tours Egypt","article_publisher":"https:\/\/www.facebook.com\/CompleteToursEgypt","article_modified_time":"2023-03-17T12:59:59+00:00","og_image":[{"width":1600,"height":626,"url":"https:\/\/www.completetoursegypt.com\/de\/wp-content\/uploads\/2021\/08\/airport-transfers.png","type":"image\/png"}],"twitter_card":"summary_large_image","twitter_site":"@Complete_Tours","twitter_misc":{"Est. reading time":"2 minutes"},"schema":{"@context":"https:\/\/schema.org","@graph":[{"@type":"WebPage","@id":"https:\/\/www.completetoursegypt.com\/de\/aegypten-transfer-services\/","url":"https:\/\/www.completetoursegypt.com\/de\/aegypten-transfer-services\/","name":"Transfer Services - Complete Tours Egypt","isPartOf":{"@id":"https:\/\/www.completetoursegypt.com\/de\/#website"},"primaryImageOfPage":{"@id":"https:\/\/www.completetoursegypt.com\/de\/aegypten-transfer-services\/#primaryimage"},"image":{"@id":"https:\/\/www.completetoursegypt.com\/de\/aegypten-transfer-services\/#primaryimage"},"thumbnailUrl":"https:\/\/www.completetoursegypt.com\/de\/wp-content\/uploads\/2021\/08\/airport-transfers.png","datePublished":"2021-09-14T08:39:47+00:00","dateModified":"2023-03-17T12:59:59+00:00","description":"Transfer Services in Egypt Enjoy a relaxing start to your vacation in Egypt with this pre arranged transfer service. Enjoy a stress-free","breadcrumb":{"@id":"https:\/\/www.completetoursegypt.com\/de\/aegypten-transfer-services\/#breadcrumb"},"inLanguage":"en-US","potentialAction":[{"@type":"ReadAction","target":["https:\/\/www.completetoursegypt.com\/de\/aegypten-transfer-services\/"]}]},{"@type":"ImageObject","inLanguage":"en-US","@id":"https:\/\/www.completetoursegypt.com\/de\/aegypten-transfer-services\/#primaryimage","url":"https:\/\/www.completetoursegypt.com\/de\/wp-content\/uploads\/2021\/08\/airport-transfers.png","contentUrl":"https:\/\/www.completetoursegypt.com\/de\/wp-content\/uploads\/2021\/08\/airport-transfers.png","width":1600,"height":626},{"@type":"BreadcrumbList","@id":"https:\/\/www.completetoursegypt.com\/de\/aegypten-transfer-services\/#breadcrumb","itemListElement":[{"@type":"ListItem","position":1,"name":"Home","item":"https:\/\/www.completetoursegypt.com\/de\/"},{"@type":"ListItem","position":2,"name":"Transfer Services"}]},{"@type":"WebSite","@id":"https:\/\/www.completetoursegypt.com\/de\/#website","url":"https:\/\/www.completetoursegypt.com\/de\/","name":"Complete Tours Egypt","description":"\u00c4gypten Touren und Ausfl\u00fcge","publisher":{"@id":"https:\/\/www.completetoursegypt.com\/de\/#organization"},"potentialAction":[{"@type":"SearchAction","target":{"@type":"EntryPoint","urlTemplate":"https:\/\/www.completetoursegypt.com\/de\/?s={search_term_string}"},"query-input":{"@type":"PropertyValueSpecification","valueRequired":true,"valueName":"search_term_string"}}],"inLanguage":"en-US"},{"@type":"Organization","@id":"https:\/\/www.completetoursegypt.com\/de\/#organization","name":"Complete Tours Egypt","url":"https:\/\/www.completetoursegypt.com\/de\/","logo":{"@type":"ImageObject","inLanguage":"en-US","@id":"https:\/\/www.completetoursegypt.com\/de\/#\/schema\/logo\/image\/","url":"https:\/\/www.completetoursegypt.com\/de\/wp-content\/uploads\/2021\/07\/cropped-Complete-Tours-Logo.png","contentUrl":"https:\/\/www.completetoursegypt.com\/de\/wp-content\/uploads\/2021\/07\/cropped-Complete-Tours-Logo.png","width":200,"height":80,"caption":"Complete Tours Egypt"},"image":{"@id":"https:\/\/www.completetoursegypt.com\/de\/#\/schema\/logo\/image\/"},"sameAs":["https:\/\/www.facebook.com\/CompleteToursEgypt","https:\/\/x.com\/Complete_Tours","https:\/\/www.instagram.com\/completetoursegypt\/"]}]}},"_links":{"self":[{"href":"https:\/\/www.completetoursegypt.com\/de\/wp-json\/wp\/v2\/pages\/3271","targetHints":{"allow":["GET"]}}],"collection":[{"href":"https:\/\/www.completetoursegypt.com\/de\/wp-json\/wp\/v2\/pages"}],"about":[{"href":"https:\/\/www.completetoursegypt.com\/de\/wp-json\/wp\/v2\/types\/page"}],"author":[{"embeddable":true,"href":"https:\/\/www.completetoursegypt.com\/de\/wp-json\/wp\/v2\/users\/1"}],"replies":[{"embeddable":true,"href":"https:\/\/www.completetoursegypt.com\/de\/wp-json\/wp\/v2\/comments?post=3271"}],"version-history":[{"count":7,"href":"https:\/\/www.completetoursegypt.com\/de\/wp-json\/wp\/v2\/pages\/3271\/revisions"}],"predecessor-version":[{"id":14898,"href":"https:\/\/www.completetoursegypt.com\/de\/wp-json\/wp\/v2\/pages\/3271\/revisions\/14898"}],"wp:featuredmedia":[{"embeddable":true,"href":"https:\/\/www.completetoursegypt.com\/de\/wp-json\/wp\/v2\/media\/3319"}],"wp:attachment":[{"href":"https:\/\/www.completetoursegypt.com\/de\/wp-json\/wp\/v2\/media?parent=3271"}],"curies":[{"name":"wp","href":"https:\/\/api.w.org\/{rel}","templated":true}]}}