{"id":1846,"date":"2021-02-07T05:19:08","date_gmt":"2021-02-07T05:19:08","guid":{"rendered":"https:\/\/www.completetoursegypt.com\/?page_id=1846"},"modified":"2023-03-15T15:05:12","modified_gmt":"2023-03-15T15:05:12","slug":"kontakt","status":"publish","type":"page","link":"https:\/\/www.completetoursegypt.com\/de\/kontakt\/","title":{"rendered":"Kontakt"},"content":{"rendered":"\t\t<div data-elementor-type=\"wp-page\" data-elementor-id=\"1846\" class=\"elementor elementor-1846\">\n\t\t\t\t\t\t<section class=\"elementor-section elementor-top-section elementor-element elementor-element-b678aac elementor-section-full_width elementor-section-stretched elementor-section-height-default elementor-section-height-default\" data-id=\"b678aac\" data-element_type=\"section\" data-e-type=\"section\" data-settings=\"{&quot;stretch_section&quot;:&quot;section-stretched&quot;}\">\n\t\t\t\t\t\t<div class=\"elementor-container elementor-column-gap-no\">\n\t\t\t\t\t<div class=\"elementor-column elementor-col-100 elementor-top-column elementor-element elementor-element-72de4d3\" data-id=\"72de4d3\" data-element_type=\"column\" data-e-type=\"column\">\n\t\t\t<div class=\"elementor-widget-wrap elementor-element-populated\">\n\t\t\t\t\t\t<div class=\"elementor-element elementor-element-112ce7a elementor-widget elementor-widget-travio_contact\" data-id=\"112ce7a\" data-element_type=\"widget\" data-e-type=\"widget\" data-widget_type=\"travio_contact.default\">\n\t\t\t\t<div class=\"elementor-widget-container\">\n\t\t\t\t\t\t\t<section class=\"contact-info-section bg-color-1\">\n\t\t\t<div class=\"anim-icon\">\n\t\t\t\t<div class=\"icon anim-icon-1\" style=\"background-image: url();\"><\/div>\n\t\t\t\t<div class=\"icon anim-icon-2\" style=\"background-image: url();\"><\/div>\n\t\t\t<\/div>\n\t\t\t<div class=\"auto-container\">\n\t\t\t\t<div class=\"row clearfix\">\n\t\t\t\t\t\t\t\t\t\t\t<div class=\"col-lg-4 col-md-6 col-sm-12 info-column\">\n\t\t\t\t\t\t\t<div class=\"single-info-box\">\n\t\t\t\t\t\t\t\t<div class=\"inner-box\">\n\t\t\t\t\t\t\t\t\t<div class=\"icon-box\"><i aria-hidden=\"true\" class=\" icon-Envelope\"><\/i><\/i><\/div>\n\t\t\t\t\t\t\t\t\t<h3>Email<\/h3>\n\t\t\t\t\t\t\t\t\t<p><a href=\"mailto:info@completetoursegypt.com\">info@completetoursegypt.com<\/a><\/p>\n\t\t\t\t\t\t\t\t<\/div>\n\t\t\t\t\t\t\t<\/div>\n\t\t\t\t\t\t<\/div>\n\t\t\t\t\t\t\t\t\t\t\t\t<div class=\"col-lg-4 col-md-6 col-sm-12 info-column\">\n\t\t\t\t\t\t\t<div class=\"single-info-box\">\n\t\t\t\t\t\t\t\t<div class=\"inner-box\">\n\t\t\t\t\t\t\t\t\t<div class=\"icon-box\"><i aria-hidden=\"true\" class=\"fab fa-whatsapp-square\"><\/i><\/i><\/div>\n\t\t\t\t\t\t\t\t\t<h3>Telefon<\/h3>\n\t\t\t\t\t\t\t\t\t<p><a href=\"tel:+20114 37771 22\"><\/a> +20114 37771 22<\/p>\n\t\t\t\t\t\t\t\t<\/div>\n\t\t\t\t\t\t\t<\/div>\n\t\t\t\t\t\t<\/div>\n\t\t\t\t\t\t\t\t\t\t\t\t<div class=\"col-lg-4 col-md-6 col-sm-12 info-column\">\n\t\t\t\t\t\t\t<div class=\"single-info-box\">\n\t\t\t\t\t\t\t\t<div class=\"inner-box\">\n\t\t\t\t\t\t\t\t\t<div class=\"icon-box\"><i aria-hidden=\"true\" class=\" icon-Location\"><\/i><\/i><\/div>\n\t\t\t\t\t\t\t\t\t<h3>Adresse<\/h3>\n\t\t\t\t\t\t\t\t\t<p>\u00c4gypten, Rotes Meer, Hurghada, Sheraton Street<\/p>\n\t\t\t\t\t\t\t\t<\/div>\n\t\t\t\t\t\t\t<\/div>\n\t\t\t\t\t\t<\/div>\n\t\t\t\t\t\t\t\t\t\t<\/div>\n\t\t\t<\/div>\n\t\t<\/section>\n\t\t\t\t\t\t<\/div>\n\t\t\t\t<\/div>\n\t\t\t\t\t<\/div>\n\t\t<\/div>\n\t\t\t\t\t<\/div>\n\t\t<\/section>\n\t\t\t\t<section class=\"elementor-section elementor-top-section elementor-element elementor-element-267b1767 elementor-section-full_width elementor-section-stretched elementor-section-height-default elementor-section-height-default\" data-id=\"267b1767\" data-element_type=\"section\" data-e-type=\"section\" data-settings=\"{&quot;stretch_section&quot;:&quot;section-stretched&quot;}\">\n\t\t\t\t\t\t<div class=\"elementor-container elementor-column-gap-no\">\n\t\t\t\t\t<div class=\"elementor-column elementor-col-100 elementor-top-column elementor-element elementor-element-8d657a9\" data-id=\"8d657a9\" data-element_type=\"column\" data-e-type=\"column\">\n\t\t\t<div class=\"elementor-widget-wrap elementor-element-populated\">\n\t\t\t\t\t\t<div class=\"elementor-element elementor-element-19cf2353 elementor-widget elementor-widget-travio_contact_form\" data-id=\"19cf2353\" data-element_type=\"widget\" data-e-type=\"widget\" data-widget_type=\"travio_contact_form.default\">\n\t\t\t\t<div class=\"elementor-widget-container\">\n\t\t\t\t\t\n<!-- contact-section -->\n<section class=\"contact-section\">\n            <div class=\"auto-container\">\n                <div class=\"row clearfix\">\n                    <div class=\"col-lg-5 col-md-12 col-sm-12 content-column\">\n                        <div class=\"content_block_5\">\n                            <div class=\"content-box\">\n                                <div class=\"sec-title\">\n                                    <p>IN KONTAKT KOMMEN<\/p>\n                                    <h2>Nehmen Sie Kontakt mit uns auf<\/h2>\n                                <\/div>\n                                <div class=\"text\">\n                                    <p>\u00fcr Fragen und \/oder Anmerkungen f\u00fcllen Sie bitte das Formular weiter unten aus oder schicken Sie uns eine Mail an info@completetoursegypt.com\n \nF\u00fcr weitere Ausk\u00fcnfte bez\u00fcglich \u00c4gypten, Hotels oder andere Fragen, stehen wir gerne zu Ihrer Verf\u00fcgung.\nSie k\u00f6nnen uns telefonisch oder per WhatsApp kontaktieren: +20114 3777122 oder senden uns das angeh?ngte Kontaktformular ausgef\u00fcllt zu:<\/p>\n                                <\/div>\n                                <ul class=\"social-links clearfix\">\n                                    <li><a href=\"https:\/\/www.facebook.com\/CompleteToursEgypt\"><i class=\"fab fa-facebook-f\"><\/i><\/a><\/li>\n <li>\n                                    \n<li><a href=\"https:\/\/www.instagram.com\/completetoursegypt\/\"><i class=\"fab fa-instagram\"><\/i><\/a><\/li>                                <\/ul>\n                            <\/div>\n                        <\/div>\n                    <\/div>\n                    <div class=\"col-lg-7 col-md-12 col-sm-12 form-column\">\n                        <div class=\"form-inner\">\n                            \n<div class=\"wpcf7 no-js\" id=\"wpcf7-f953-o1\" lang=\"en-US\" dir=\"ltr\" data-wpcf7-id=\"953\">\n<div class=\"screen-reader-response\"><p role=\"status\" aria-live=\"polite\" aria-atomic=\"true\"><\/p> <ul><\/ul><\/div>\n<form action=\"\/de\/wp-json\/wp\/v2\/pages\/1846#wpcf7-f953-o1\" method=\"post\" class=\"wpcf7-form init\" aria-label=\"Contact form\" novalidate=\"novalidate\" data-status=\"init\">\n<fieldset class=\"hidden-fields-container\"><input type=\"hidden\" name=\"_wpcf7\" value=\"953\" \/><input type=\"hidden\" name=\"_wpcf7_version\" value=\"6.1.5\" \/><input type=\"hidden\" name=\"_wpcf7_locale\" value=\"en_US\" \/><input type=\"hidden\" name=\"_wpcf7_unit_tag\" value=\"wpcf7-f953-o1\" \/><input type=\"hidden\" name=\"_wpcf7_container_post\" value=\"0\" \/><input type=\"hidden\" name=\"_wpcf7_posted_data_hash\" value=\"\" \/>\n<\/fieldset>\n<div class=\"default-form\">\n\t<div class=\"row clearfix\">\n\t\t<div class=\"col-lg-6 col-md-6 col-sm-12 form-group\">\n\t\t\t<p><span class=\"wpcf7-form-control-wrap\" data-name=\"your-name\"><input size=\"40\" maxlength=\"400\" class=\"wpcf7-form-control wpcf7-text wpcf7-validates-as-required\" aria-required=\"true\" aria-invalid=\"false\" placeholder=\"Name\" value=\"\" type=\"text\" name=\"your-name\" \/><\/span>\n\t\t\t<\/p>\n\t\t<\/div>\n\t\t<div class=\"col-lg-6 col-md-6 col-sm-12 form-group\">\n\t\t\t<p><span class=\"wpcf7-form-control-wrap\" data-name=\"your-email\"><input size=\"40\" maxlength=\"400\" class=\"wpcf7-form-control wpcf7-email wpcf7-validates-as-required wpcf7-text wpcf7-validates-as-email\" aria-required=\"true\" aria-invalid=\"false\" value=\"Email Addresse\" type=\"email\" name=\"your-email\" \/><\/span>\n\t\t\t<\/p>\n\t\t<\/div>\n\t\t<div class=\"col-lg-6 col-md-12 col-sm-12 form-group\">\n\t\t\t<p><span class=\"wpcf7-form-control-wrap\" data-name=\"your-phone\"><input size=\"40\" maxlength=\"400\" class=\"wpcf7-form-control wpcf7-text wpcf7-validates-as-required\" aria-required=\"true\" aria-invalid=\"false\" value=\"Handynummer\" type=\"text\" name=\"your-phone\" \/><\/span>\n\t\t\t<\/p>\n\t\t<\/div>\n\t\t<div class=\"col-lg-6 col-md-12 col-sm-12 form-group\">\n\t\t\t<p><span class=\"wpcf7-form-control-wrap\" data-name=\"your-subject\"><input size=\"40\" maxlength=\"400\" class=\"wpcf7-form-control wpcf7-text wpcf7-validates-as-required\" aria-required=\"true\" aria-invalid=\"false\" value=\"Untertan\" type=\"text\" name=\"your-subject\" \/><\/span>\n\t\t\t<\/p>\n\t\t<\/div>\n\t\t<div class=\"col-lg-12 col-md-12 col-sm-12 form-group\">\n\t\t\t<p><span class=\"wpcf7-form-control-wrap\" data-name=\"your-message\"><textarea cols=\"40\" rows=\"10\" maxlength=\"2000\" class=\"wpcf7-form-control wpcf7-textarea\" aria-invalid=\"false\" name=\"your-message\">Nachricht schreiben<\/textarea><\/span>\n\t\t\t<\/p>\n\t\t<\/div>\n\t\t<div class=\"col-lg-12 col-md-12 col-sm-12 form-group message-btn\">\n\t\t\t<p><button class=\"theme-btn\" type=\"submit\" name=\"submit-form\">jetzt Senden<\/button>\n\t\t\t<\/p>\n\t\t<\/div>\n\t<\/div>\n<\/div><p style=\"display: none !important;\" class=\"akismet-fields-container\" data-prefix=\"_wpcf7_ak_\"><label>&#916;<textarea name=\"_wpcf7_ak_hp_textarea\" cols=\"45\" rows=\"8\" maxlength=\"100\"><\/textarea><\/label><input type=\"hidden\" id=\"ak_js_1\" name=\"_wpcf7_ak_js\" value=\"151\"\/><script>document.getElementById( \"ak_js_1\" ).setAttribute( \"value\", ( new Date() ).getTime() );<\/script><\/p><div class=\"wpcf7-response-output\" aria-hidden=\"true\"><\/div>\n<\/form>\n<\/div>\n                        <\/div>\n                    <\/div>\n                <\/div>\n            <\/div>\n        <\/section>\n        <!-- contact-section end -->\n\n\t\t\t\t\t\t<\/div>\n\t\t\t\t<\/div>\n\t\t\t\t\t<\/div>\n\t\t<\/div>\n\t\t\t\t\t<\/div>\n\t\t<\/section>\n\t\t\t\t<\/div>\n\t\t","protected":false},"excerpt":{"rendered":"<p>Email info@completetoursegypt.com Telefon +20114 37771 22 Adresse \u00c4gypten, Rotes Meer, Hurghada, Sheraton Street IN KONTAKT KOMMEN Nehmen Sie Kontakt mit uns auf \u00fcr Fragen und \/oder Anmerkungen f\u00fcllen Sie bitte das Formular weiter unten aus oder schicken Sie uns eine Mail an info@completetoursegypt.com F\u00fcr weitere Ausk\u00fcnfte bez\u00fcglich \u00c4gypten, Hotels oder andere Fragen, stehen wir gerne [&hellip;]<\/p>\n","protected":false},"author":1,"featured_media":11132,"parent":0,"menu_order":0,"comment_status":"closed","ping_status":"closed","template":"elementor_header_footer","meta":{"nf_dc_page":"","footnotes":""},"class_list":["post-1846","page","type-page","status-publish","has-post-thumbnail","hentry"],"yoast_head":"<!-- This site is optimized with the Yoast SEO Premium plugin v20.9 (Yoast SEO v27.4) - https:\/\/yoast.com\/product\/yoast-seo-premium-wordpress\/ -->\n<title>Kontakt - Complete Tours Egypt<\/title>\n<meta name=\"description\" content=\"Feel Free to Contact with us Please fill in the contact form below if you have any questions, comments or mail to info@completetoursegypt.com\" \/>\n<meta name=\"robots\" content=\"index, follow, max-snippet:-1, max-image-preview:large, max-video-preview:-1\" \/>\n<link rel=\"canonical\" href=\"https:\/\/www.completetoursegypt.com\/de\/kontakt\/\" \/>\n<meta property=\"og:locale\" content=\"en_US\" \/>\n<meta property=\"og:type\" content=\"article\" \/>\n<meta property=\"og:title\" content=\"Kontakt\" \/>\n<meta property=\"og:description\" content=\"Email info@completetoursegypt.com Telefon +20114 37771 22 Adresse \u00c4gypten, Rotes Meer, Hurghada, Sheraton Street IN KONTAKT KOMMEN Nehmen Sie Kontakt mit\" \/>\n<meta property=\"og:url\" content=\"https:\/\/www.completetoursegypt.com\/de\/kontakt\/\" \/>\n<meta property=\"og:site_name\" content=\"Complete Tours Egypt\" \/>\n<meta property=\"article:publisher\" content=\"https:\/\/www.facebook.com\/CompleteToursEgypt\" \/>\n<meta property=\"article:modified_time\" content=\"2023-03-15T15:05:12+00:00\" \/>\n<meta property=\"og:image\" content=\"https:\/\/www.completetoursegypt.com\/de\/wp-content\/uploads\/2022\/04\/contact-us.jpg\" \/>\n\t<meta property=\"og:image:width\" content=\"626\" \/>\n\t<meta property=\"og:image:height\" content=\"242\" \/>\n\t<meta property=\"og:image:type\" content=\"image\/jpeg\" \/>\n<meta name=\"twitter:card\" content=\"summary_large_image\" \/>\n<meta name=\"twitter:site\" content=\"@Complete_Tours\" \/>\n<meta name=\"twitter:label1\" content=\"Est. reading time\" \/>\n\t<meta name=\"twitter:data1\" content=\"1 minute\" \/>\n<script type=\"application\/ld+json\" class=\"yoast-schema-graph\">{\"@context\":\"https:\\\/\\\/schema.org\",\"@graph\":[{\"@type\":\"WebPage\",\"@id\":\"https:\\\/\\\/www.completetoursegypt.com\\\/de\\\/kontakt\\\/\",\"url\":\"https:\\\/\\\/www.completetoursegypt.com\\\/de\\\/kontakt\\\/\",\"name\":\"Kontakt - Complete Tours Egypt\",\"isPartOf\":{\"@id\":\"https:\\\/\\\/www.completetoursegypt.com\\\/de\\\/#website\"},\"primaryImageOfPage\":{\"@id\":\"https:\\\/\\\/www.completetoursegypt.com\\\/de\\\/kontakt\\\/#primaryimage\"},\"image\":{\"@id\":\"https:\\\/\\\/www.completetoursegypt.com\\\/de\\\/kontakt\\\/#primaryimage\"},\"thumbnailUrl\":\"https:\\\/\\\/www.completetoursegypt.com\\\/de\\\/wp-content\\\/uploads\\\/2022\\\/04\\\/contact-us.jpg\",\"datePublished\":\"2021-02-07T05:19:08+00:00\",\"dateModified\":\"2023-03-15T15:05:12+00:00\",\"description\":\"Feel Free to Contact with us Please fill in the contact form below if you have any questions, comments or mail to info@completetoursegypt.com\",\"breadcrumb\":{\"@id\":\"https:\\\/\\\/www.completetoursegypt.com\\\/de\\\/kontakt\\\/#breadcrumb\"},\"inLanguage\":\"en-US\",\"potentialAction\":[{\"@type\":\"ReadAction\",\"target\":[\"https:\\\/\\\/www.completetoursegypt.com\\\/de\\\/kontakt\\\/\"]}]},{\"@type\":\"ImageObject\",\"inLanguage\":\"en-US\",\"@id\":\"https:\\\/\\\/www.completetoursegypt.com\\\/de\\\/kontakt\\\/#primaryimage\",\"url\":\"https:\\\/\\\/www.completetoursegypt.com\\\/de\\\/wp-content\\\/uploads\\\/2022\\\/04\\\/contact-us.jpg\",\"contentUrl\":\"https:\\\/\\\/www.completetoursegypt.com\\\/de\\\/wp-content\\\/uploads\\\/2022\\\/04\\\/contact-us.jpg\",\"width\":626,\"height\":242},{\"@type\":\"BreadcrumbList\",\"@id\":\"https:\\\/\\\/www.completetoursegypt.com\\\/de\\\/kontakt\\\/#breadcrumb\",\"itemListElement\":[{\"@type\":\"ListItem\",\"position\":1,\"name\":\"Home\",\"item\":\"https:\\\/\\\/www.completetoursegypt.com\\\/de\\\/\"},{\"@type\":\"ListItem\",\"position\":2,\"name\":\"Kontakt\"}]},{\"@type\":\"WebSite\",\"@id\":\"https:\\\/\\\/www.completetoursegypt.com\\\/de\\\/#website\",\"url\":\"https:\\\/\\\/www.completetoursegypt.com\\\/de\\\/\",\"name\":\"Complete Tours Egypt\",\"description\":\"\u00c4gypten Touren und Ausfl\u00fcge\",\"publisher\":{\"@id\":\"https:\\\/\\\/www.completetoursegypt.com\\\/de\\\/#organization\"},\"potentialAction\":[{\"@type\":\"SearchAction\",\"target\":{\"@type\":\"EntryPoint\",\"urlTemplate\":\"https:\\\/\\\/www.completetoursegypt.com\\\/de\\\/?s={search_term_string}\"},\"query-input\":{\"@type\":\"PropertyValueSpecification\",\"valueRequired\":true,\"valueName\":\"search_term_string\"}}],\"inLanguage\":\"en-US\"},{\"@type\":\"Organization\",\"@id\":\"https:\\\/\\\/www.completetoursegypt.com\\\/de\\\/#organization\",\"name\":\"Complete Tours Egypt\",\"url\":\"https:\\\/\\\/www.completetoursegypt.com\\\/de\\\/\",\"logo\":{\"@type\":\"ImageObject\",\"inLanguage\":\"en-US\",\"@id\":\"https:\\\/\\\/www.completetoursegypt.com\\\/de\\\/#\\\/schema\\\/logo\\\/image\\\/\",\"url\":\"https:\\\/\\\/www.completetoursegypt.com\\\/de\\\/wp-content\\\/uploads\\\/2021\\\/07\\\/cropped-Complete-Tours-Logo.png\",\"contentUrl\":\"https:\\\/\\\/www.completetoursegypt.com\\\/de\\\/wp-content\\\/uploads\\\/2021\\\/07\\\/cropped-Complete-Tours-Logo.png\",\"width\":200,\"height\":80,\"caption\":\"Complete Tours Egypt\"},\"image\":{\"@id\":\"https:\\\/\\\/www.completetoursegypt.com\\\/de\\\/#\\\/schema\\\/logo\\\/image\\\/\"},\"sameAs\":[\"https:\\\/\\\/www.facebook.com\\\/CompleteToursEgypt\",\"https:\\\/\\\/x.com\\\/Complete_Tours\",\"https:\\\/\\\/www.instagram.com\\\/completetoursegypt\\\/\"]}]}<\/script>\n<!-- \/ Yoast SEO Premium plugin. -->","yoast_head_json":{"title":"Kontakt - Complete Tours Egypt","description":"Feel Free to Contact with us Please fill in the contact form below if you have any questions, comments or mail to info@completetoursegypt.com","robots":{"index":"index","follow":"follow","max-snippet":"max-snippet:-1","max-image-preview":"max-image-preview:large","max-video-preview":"max-video-preview:-1"},"canonical":"https:\/\/www.completetoursegypt.com\/de\/kontakt\/","og_locale":"en_US","og_type":"article","og_title":"Kontakt","og_description":"Email info@completetoursegypt.com Telefon +20114 37771 22 Adresse \u00c4gypten, Rotes Meer, Hurghada, Sheraton Street IN KONTAKT KOMMEN Nehmen Sie Kontakt mit","og_url":"https:\/\/www.completetoursegypt.com\/de\/kontakt\/","og_site_name":"Complete Tours Egypt","article_publisher":"https:\/\/www.facebook.com\/CompleteToursEgypt","article_modified_time":"2023-03-15T15:05:12+00:00","og_image":[{"width":626,"height":242,"url":"https:\/\/www.completetoursegypt.com\/de\/wp-content\/uploads\/2022\/04\/contact-us.jpg","type":"image\/jpeg"}],"twitter_card":"summary_large_image","twitter_site":"@Complete_Tours","twitter_misc":{"Est. reading time":"1 minute"},"schema":{"@context":"https:\/\/schema.org","@graph":[{"@type":"WebPage","@id":"https:\/\/www.completetoursegypt.com\/de\/kontakt\/","url":"https:\/\/www.completetoursegypt.com\/de\/kontakt\/","name":"Kontakt - Complete Tours Egypt","isPartOf":{"@id":"https:\/\/www.completetoursegypt.com\/de\/#website"},"primaryImageOfPage":{"@id":"https:\/\/www.completetoursegypt.com\/de\/kontakt\/#primaryimage"},"image":{"@id":"https:\/\/www.completetoursegypt.com\/de\/kontakt\/#primaryimage"},"thumbnailUrl":"https:\/\/www.completetoursegypt.com\/de\/wp-content\/uploads\/2022\/04\/contact-us.jpg","datePublished":"2021-02-07T05:19:08+00:00","dateModified":"2023-03-15T15:05:12+00:00","description":"Feel Free to Contact with us Please fill in the contact form below if you have any questions, comments or mail to info@completetoursegypt.com","breadcrumb":{"@id":"https:\/\/www.completetoursegypt.com\/de\/kontakt\/#breadcrumb"},"inLanguage":"en-US","potentialAction":[{"@type":"ReadAction","target":["https:\/\/www.completetoursegypt.com\/de\/kontakt\/"]}]},{"@type":"ImageObject","inLanguage":"en-US","@id":"https:\/\/www.completetoursegypt.com\/de\/kontakt\/#primaryimage","url":"https:\/\/www.completetoursegypt.com\/de\/wp-content\/uploads\/2022\/04\/contact-us.jpg","contentUrl":"https:\/\/www.completetoursegypt.com\/de\/wp-content\/uploads\/2022\/04\/contact-us.jpg","width":626,"height":242},{"@type":"BreadcrumbList","@id":"https:\/\/www.completetoursegypt.com\/de\/kontakt\/#breadcrumb","itemListElement":[{"@type":"ListItem","position":1,"name":"Home","item":"https:\/\/www.completetoursegypt.com\/de\/"},{"@type":"ListItem","position":2,"name":"Kontakt"}]},{"@type":"WebSite","@id":"https:\/\/www.completetoursegypt.com\/de\/#website","url":"https:\/\/www.completetoursegypt.com\/de\/","name":"Complete Tours Egypt","description":"\u00c4gypten Touren und Ausfl\u00fcge","publisher":{"@id":"https:\/\/www.completetoursegypt.com\/de\/#organization"},"potentialAction":[{"@type":"SearchAction","target":{"@type":"EntryPoint","urlTemplate":"https:\/\/www.completetoursegypt.com\/de\/?s={search_term_string}"},"query-input":{"@type":"PropertyValueSpecification","valueRequired":true,"valueName":"search_term_string"}}],"inLanguage":"en-US"},{"@type":"Organization","@id":"https:\/\/www.completetoursegypt.com\/de\/#organization","name":"Complete Tours Egypt","url":"https:\/\/www.completetoursegypt.com\/de\/","logo":{"@type":"ImageObject","inLanguage":"en-US","@id":"https:\/\/www.completetoursegypt.com\/de\/#\/schema\/logo\/image\/","url":"https:\/\/www.completetoursegypt.com\/de\/wp-content\/uploads\/2021\/07\/cropped-Complete-Tours-Logo.png","contentUrl":"https:\/\/www.completetoursegypt.com\/de\/wp-content\/uploads\/2021\/07\/cropped-Complete-Tours-Logo.png","width":200,"height":80,"caption":"Complete Tours Egypt"},"image":{"@id":"https:\/\/www.completetoursegypt.com\/de\/#\/schema\/logo\/image\/"},"sameAs":["https:\/\/www.facebook.com\/CompleteToursEgypt","https:\/\/x.com\/Complete_Tours","https:\/\/www.instagram.com\/completetoursegypt\/"]}]}},"_links":{"self":[{"href":"https:\/\/www.completetoursegypt.com\/de\/wp-json\/wp\/v2\/pages\/1846","targetHints":{"allow":["GET"]}}],"collection":[{"href":"https:\/\/www.completetoursegypt.com\/de\/wp-json\/wp\/v2\/pages"}],"about":[{"href":"https:\/\/www.completetoursegypt.com\/de\/wp-json\/wp\/v2\/types\/page"}],"author":[{"embeddable":true,"href":"https:\/\/www.completetoursegypt.com\/de\/wp-json\/wp\/v2\/users\/1"}],"replies":[{"embeddable":true,"href":"https:\/\/www.completetoursegypt.com\/de\/wp-json\/wp\/v2\/comments?post=1846"}],"version-history":[{"count":11,"href":"https:\/\/www.completetoursegypt.com\/de\/wp-json\/wp\/v2\/pages\/1846\/revisions"}],"predecessor-version":[{"id":14724,"href":"https:\/\/www.completetoursegypt.com\/de\/wp-json\/wp\/v2\/pages\/1846\/revisions\/14724"}],"wp:featuredmedia":[{"embeddable":true,"href":"https:\/\/www.completetoursegypt.com\/de\/wp-json\/wp\/v2\/media\/11132"}],"wp:attachment":[{"href":"https:\/\/www.completetoursegypt.com\/de\/wp-json\/wp\/v2\/media?parent=1846"}],"curies":[{"name":"wp","href":"https:\/\/api.w.org\/{rel}","templated":true}]}}