{"id":1457,"date":"2021-02-02T05:59:30","date_gmt":"2021-02-02T05:59:30","guid":{"rendered":"https:\/\/www.completetoursegypt.com\/?page_id=1457"},"modified":"2023-03-31T19:22:33","modified_gmt":"2023-03-31T19:22:33","slug":"faq","status":"publish","type":"page","link":"https:\/\/www.completetoursegypt.com\/de\/faq\/","title":{"rendered":"FAQ"},"content":{"rendered":"\t\t<div data-elementor-type=\"wp-page\" data-elementor-id=\"1457\" class=\"elementor elementor-1457\">\n\t\t\t\t\t\t<section class=\"elementor-section elementor-top-section elementor-element elementor-element-1798c65 faq-page-section elementor-section-boxed elementor-section-height-default elementor-section-height-default\" data-id=\"1798c65\" data-element_type=\"section\" data-e-type=\"section\">\n\t\t\t\t\t\t<div class=\"elementor-container elementor-column-gap-no\">\n\t\t\t\t\t<div class=\"elementor-column elementor-col-100 elementor-top-column elementor-element elementor-element-86acbbf col-lg-8 col-md-12 col-sm-12 content-side\" data-id=\"86acbbf\" data-element_type=\"column\" data-e-type=\"column\">\n\t\t\t<div class=\"elementor-widget-wrap elementor-element-populated\">\n\t\t\t\t\t\t<div class=\"elementor-element elementor-element-c8a8c0b elementor-widget elementor-widget-travio_faq\" data-id=\"c8a8c0b\" data-element_type=\"widget\" data-e-type=\"widget\" data-widget_type=\"travio_faq.default\">\n\t\t\t\t<div class=\"elementor-widget-container\">\n\t\t\t\t\t\t\t<!-- faq-page-section -->\n\n\t\t\t\t\t\t<div class=\"faq-content mr-20\">\n\t\t\t\t\t\t\t<div class=\"sec-title\">\n\t\t\t\t\t\t\t\t<p> COMPLETE TOURS EGYPT<\/p>\n\t\t\t\t\t\t\t\t<h2>H\u00e4ufig gestellte <br>Fragen<\/h2>\n\t\t\t\t\t\t\t<\/div>\n\t\t\t\t\t\t\t<ul class=\"accordion-box\">\n\t\t\t\t\t\t\t\t\t\t\t\t\t\t\t\t\t<li class=\"accordion block active-block\">\n\t\t\t\t\t\t\t\t\t\t<div class=\"acc-btn active\">\n\t\t\t\t\t\t\t\t\t\t\t<div class=\"icon-outer\"><\/div>\n\t\t\t\t\t\t\t\t\t\t\t<h4>Wie kann ich Kontakt aufnehmen, um weitere Informationen zu erhalten oder eine Tour zu buchen?<\/h4>\n\t\t\t\t\t\t\t\t\t\t<\/div>\n\t\t\t\t\t\t\t\t\t\t<div class=\"acc-content current\">\n\t\t\t\t\t\t\t\t\t\t\t<div class=\"text\">\n\t\t\t\t\t\t\t\t\t\t\t\t<p>Wir sind 24 Stunden am Tag, 7 Tage die Woche f\u00fcr Ihre Buchungsanfragen per E-Mail, Telefon, WhatsApp oder Live-Online-Chat erreichbar. Sie k\u00f6nnen auch ein Buchungsanfrageformular einsenden, in dem Sie die Reise, die Sie unternehmen m\u00f6chten, ihre Dauer und alle anderen Details beschreiben, die Sie angeben k\u00f6nnen, und Sie erhalten umgehend eine Antwort mit einem Vorschlag von unseren Vertretern. So k\u00f6nnen Sie uns \u00fcber Hotlines (24\/7) erreichen: +20 1140030003 oder (WhatsApp) E-Mail - info@completetoursegypt.com Au\u00dferdem Webformular auf jeder Reiseseite enthalten. Den Live-Chat-Service finden Sie unten auf unserer Homepage.<\/p>\n\t\t\t\t\t\t\t\t\t\t\t\t<ul class=\"list clearfix\">\n\t\t\t\t\t\t\t\t\t\t\t\t\t\t\t\t\t\t\t\t\t\t\t\t\t<\/ul>\n\t\t\t\t\t\t\t\t\t\t\t<\/div>\n\t\t\t\t\t\t\t\t\t\t<\/div>\n\t\t\t\t\t\t\t\t\t<\/li>\n\t\t\t\t\t\t\t\t\t\t\t\t\t\t\t\t\t<li class=\"accordion block \">\n\t\t\t\t\t\t\t\t\t\t<div class=\"acc-btn \">\n\t\t\t\t\t\t\t\t\t\t\t<div class=\"icon-outer\"><\/div>\n\t\t\t\t\t\t\t\t\t\t\t<h4>Welche Zahlungsmethoden werden akzeptiert?<\/h4>\n\t\t\t\t\t\t\t\t\t\t<\/div>\n\t\t\t\t\t\t\t\t\t\t<div class=\"acc-content \">\n\t\t\t\t\t\t\t\t\t\t\t<div class=\"text\">\n\t\t\t\t\t\t\t\t\t\t\t\t<p>Unsere unterst\u00fctzten Zahlungsmethoden sind Kreditkarten von Visa, MasterCard, Discover und American Express. Wir unterst\u00fctzen auch Debitkarten mit Visa- oder MasterCard-Logos. Bei einigen unserer Touren zahlen Sie am Tag der Tour selbst.<\/p>\n\t\t\t\t\t\t\t\t\t\t\t\t<ul class=\"list clearfix\">\n\t\t\t\t\t\t\t\t\t\t\t\t\t\t\t\t\t\t\t\t\t\t\t\t\t<\/ul>\n\t\t\t\t\t\t\t\t\t\t\t<\/div>\n\t\t\t\t\t\t\t\t\t\t<\/div>\n\t\t\t\t\t\t\t\t\t<\/li>\n\t\t\t\t\t\t\t\t\t\t\t\t\t\t\t\t\t<li class=\"accordion block \">\n\t\t\t\t\t\t\t\t\t\t<div class=\"acc-btn \">\n\t\t\t\t\t\t\t\t\t\t\t<div class=\"icon-outer\"><\/div>\n\t\t\t\t\t\t\t\t\t\t\t<h4>K\u00f6nnen Sie mir bei der Organisation meines Reisevisums helfen?<\/h4>\n\t\t\t\t\t\t\t\t\t\t<\/div>\n\t\t\t\t\t\t\t\t\t\t<div class=\"acc-content \">\n\t\t\t\t\t\t\t\t\t\t\t<div class=\"text\">\n\t\t\t\t\t\t\t\t\t\t\t\t<p>Die Anforderungen f\u00fcr ein Reisevisum sind je nach Nationalit\u00e4t und Reiseziel sehr unterschiedlich. Obwohl wir keine Visa f\u00fcr Sie arrangieren k\u00f6nnen, haben wir auf unserer Seite \u201eRessourcen\u201c Links zu Websites bereitgestellt, die Ihnen helfen, festzustellen, ob Visa erforderlich sind. Wenn Sie ein Visum ben\u00f6tigen, k\u00f6nnen Sie es selbst arrangieren oder die Dienste eines Reiseb\u00fcros oder eines Visumbearbeitungsunternehmens in Anspruch nehmen.<\/p>\n\t\t\t\t\t\t\t\t\t\t\t\t<ul class=\"list clearfix\">\n\t\t\t\t\t\t\t\t\t\t\t\t\t\t\t\t\t\t\t\t\t\t\t\t\t<\/ul>\n\t\t\t\t\t\t\t\t\t\t\t<\/div>\n\t\t\t\t\t\t\t\t\t\t<\/div>\n\t\t\t\t\t\t\t\t\t<\/li>\n\t\t\t\t\t\t\t\t\t\t\t\t\t\t\t\t\t<li class=\"accordion block \">\n\t\t\t\t\t\t\t\t\t\t<div class=\"acc-btn \">\n\t\t\t\t\t\t\t\t\t\t\t<div class=\"icon-outer\"><\/div>\n\t\t\t\t\t\t\t\t\t\t\t<h4>Was sind die Altersbeschr\u00e4nkungen auf Ihren Touren?<\/h4>\n\t\t\t\t\t\t\t\t\t\t<\/div>\n\t\t\t\t\t\t\t\t\t\t<div class=\"acc-content \">\n\t\t\t\t\t\t\t\t\t\t\t<div class=\"text\">\n\t\t\t\t\t\t\t\t\t\t\t\t<p>F\u00fcr die meisten unserer Touren gibt es keine Altersobergrenze, Reisende mit Vorerkrankungen m\u00fcssen einen medizinischen Fragebogen ausf\u00fcllen.<\/p>\n\t\t\t\t\t\t\t\t\t\t\t\t<ul class=\"list clearfix\">\n\t\t\t\t\t\t\t\t\t\t\t\t\t\t\t\t\t\t\t\t\t\t\t\t\t<\/ul>\n\t\t\t\t\t\t\t\t\t\t\t<\/div>\n\t\t\t\t\t\t\t\t\t\t<\/div>\n\t\t\t\t\t\t\t\t\t<\/li>\n\t\t\t\t\t\t\t\t\t\t\t\t\t\t\t\t\t<li class=\"accordion block \">\n\t\t\t\t\t\t\t\t\t\t<div class=\"acc-btn \">\n\t\t\t\t\t\t\t\t\t\t\t<div class=\"icon-outer\"><\/div>\n\t\t\t\t\t\t\t\t\t\t\t<h4>Welche Art von Bodentransport wird auf Ihren Touren verwendet?<\/h4>\n\t\t\t\t\t\t\t\t\t\t<\/div>\n\t\t\t\t\t\t\t\t\t\t<div class=\"acc-content \">\n\t\t\t\t\t\t\t\t\t\t\t<div class=\"text\">\n\t\t\t\t\t\t\t\t\t\t\t\t<p>Reisespezifische Informationen zum Transport finden Sie auf der Reisezusammenfassungsseite, aber in den meisten F\u00e4llen nutzen wir den Transport in der Comfort Class. Einige unserer Abenteuer, darunter unsere \u201eSuperior\u201c, \u201eComfort Class\u201c und die meisten Touren in \u00c4gypten, nutzen private Transportmittel<\/p>\n\t\t\t\t\t\t\t\t\t\t\t\t<ul class=\"list clearfix\">\n\t\t\t\t\t\t\t\t\t\t\t\t\t\t\t\t\t\t\t\t\t\t\t\t\t<\/ul>\n\t\t\t\t\t\t\t\t\t\t\t<\/div>\n\t\t\t\t\t\t\t\t\t\t<\/div>\n\t\t\t\t\t\t\t\t\t<\/li>\n\t\t\t\t\t\t\t\t\t\t\t\t\t\t\t\t\t<li class=\"accordion block \">\n\t\t\t\t\t\t\t\t\t\t<div class=\"acc-btn \">\n\t\t\t\t\t\t\t\t\t\t\t<div class=\"icon-outer\"><\/div>\n\t\t\t\t\t\t\t\t\t\t\t<h4>Trinkgeld inbegriffen und wenn nicht, wie viel sollte ich einplanen?<\/h4>\n\t\t\t\t\t\t\t\t\t\t<\/div>\n\t\t\t\t\t\t\t\t\t\t<div class=\"acc-content \">\n\t\t\t\t\t\t\t\t\t\t\t<div class=\"text\">\n\t\t\t\t\t\t\t\t\t\t\t\t<p>Trinkgelder sind nicht im Reisepreis enthalten und das Trinkgeld liegt ganz in Ihrem Ermessen. Unsere Reisedetails-Dokumentation enth\u00e4lt empfohlene Trinkgeldbetr\u00e4ge, die von jeder einzelnen Reisezusammenfassungsseite heruntergeladen werden k\u00f6nnen.<\/p>\n\t\t\t\t\t\t\t\t\t\t\t\t<ul class=\"list clearfix\">\n\t\t\t\t\t\t\t\t\t\t\t\t\t\t\t\t\t\t\t\t\t\t\t\t\t<\/ul>\n\t\t\t\t\t\t\t\t\t\t\t<\/div>\n\t\t\t\t\t\t\t\t\t\t<\/div>\n\t\t\t\t\t\t\t\t\t<\/li>\n\t\t\t\t\t\t\t\t\t\t\t\t\t\t\t\t\t<li class=\"accordion block \">\n\t\t\t\t\t\t\t\t\t\t<div class=\"acc-btn \">\n\t\t\t\t\t\t\t\t\t\t\t<div class=\"icon-outer\"><\/div>\n\t\t\t\t\t\t\t\t\t\t\t<h4>Muss ich fr\u00fchzeitig reservieren?<\/h4>\n\t\t\t\t\t\t\t\t\t\t<\/div>\n\t\t\t\t\t\t\t\t\t\t<div class=\"acc-content \">\n\t\t\t\t\t\t\t\t\t\t\t<div class=\"text\">\n\t\t\t\t\t\t\t\t\t\t\t\t<p>Je fr\u00fcher Sie reservieren, desto gr\u00f6\u00dfer sind Ihre Chancen auf ein besseres Angebot. Ihre fr\u00fchzeitige Reservierung gibt uns Zeit, die besten Guides zu ermitteln und zu buchen.<\/p>\n\t\t\t\t\t\t\t\t\t\t\t\t<ul class=\"list clearfix\">\n\t\t\t\t\t\t\t\t\t\t\t\t\t\t\t\t\t\t\t\t\t\t\t\t\t<\/ul>\n\t\t\t\t\t\t\t\t\t\t\t<\/div>\n\t\t\t\t\t\t\t\t\t\t<\/div>\n\t\t\t\t\t\t\t\t\t<\/li>\n\t\t\t\t\t\t\t\t\t\t\t\t\t\t\t\t\t<li class=\"accordion block \">\n\t\t\t\t\t\t\t\t\t\t<div class=\"acc-btn \">\n\t\t\t\t\t\t\t\t\t\t\t<div class=\"icon-outer\"><\/div>\n\t\t\t\t\t\t\t\t\t\t\t<h4>Werden zus\u00e4tzliche Geb\u00fchren gezahlt, die \u00fcber dem von mir vereinbarten Tourpreis liegen?<\/h4>\n\t\t\t\t\t\t\t\t\t\t<\/div>\n\t\t\t\t\t\t\t\t\t\t<div class=\"acc-content \">\n\t\t\t\t\t\t\t\t\t\t\t<div class=\"text\">\n\t\t\t\t\t\t\t\t\t\t\t\t<p>Nein, au\u00dfer dem vereinbarten Endpreis, der die \u00fcbliche Minderj\u00e4hrigensteuer enth\u00e4lt, fallen keine zus\u00e4tzlichen Geb\u00fchren oder Kosten jeglicher Art an.<\/p>\n\t\t\t\t\t\t\t\t\t\t\t\t<ul class=\"list clearfix\">\n\t\t\t\t\t\t\t\t\t\t\t\t\t\t\t\t\t\t\t\t\t\t\t\t\t<\/ul>\n\t\t\t\t\t\t\t\t\t\t\t<\/div>\n\t\t\t\t\t\t\t\t\t\t<\/div>\n\t\t\t\t\t\t\t\t\t<\/li>\n\t\t\t\t\t\t\t\t\t\t\t\t\t\t\t\t\t<li class=\"accordion block \">\n\t\t\t\t\t\t\t\t\t\t<div class=\"acc-btn \">\n\t\t\t\t\t\t\t\t\t\t\t<div class=\"icon-outer\"><\/div>\n\t\t\t\t\t\t\t\t\t\t\t<h4>Gibt es einen Sonderpreis f\u00fcr private Gruppenbuchungen?<\/h4>\n\t\t\t\t\t\t\t\t\t\t<\/div>\n\t\t\t\t\t\t\t\t\t\t<div class=\"acc-content \">\n\t\t\t\t\t\t\t\t\t\t\t<div class=\"text\">\n\t\t\t\t\t\t\t\t\t\t\t\t<p>Ja, wir bieten einen Rabatt f\u00fcr private Touren, die mit gro\u00dfen Gruppen und Familien gebucht werden.<\/p>\n\t\t\t\t\t\t\t\t\t\t\t\t<ul class=\"list clearfix\">\n\t\t\t\t\t\t\t\t\t\t\t\t\t\t\t\t\t\t\t\t\t\t\t\t\t<\/ul>\n\t\t\t\t\t\t\t\t\t\t\t<\/div>\n\t\t\t\t\t\t\t\t\t\t<\/div>\n\t\t\t\t\t\t\t\t\t<\/li>\n\t\t\t\t\t\t\t\t\t\t\t\t\t\t\t\t\t<li class=\"accordion block \">\n\t\t\t\t\t\t\t\t\t\t<div class=\"acc-btn \">\n\t\t\t\t\t\t\t\t\t\t\t<div class=\"icon-outer\"><\/div>\n\t\t\t\t\t\t\t\t\t\t\t<h4>Wie kann ich eine Tour stornieren oder verschieben?<\/h4>\n\t\t\t\t\t\t\t\t\t\t<\/div>\n\t\t\t\t\t\t\t\t\t\t<div class=\"acc-content \">\n\t\t\t\t\t\t\t\t\t\t\t<div class=\"text\">\n\t\t\t\t\t\t\t\t\t\t\t\t<p>Das Stornieren oder Umplanen der Tour eines bevorstehenden Interessenten ist mit Complete Tours Egypt eine einfache Aufgabe. Gehen Sie zun\u00e4chst zum Kalender der Unterkunft und klicken Sie auf deren Termin. Sie werden zu ihrer Aktivit\u00e4tsseite weitergeleitet, auf der Informationen \u00fcber ihre bevorstehende Tour angezeigt werden. Sie k\u00f6nnen auch das Formular ausf\u00fcllen oder eine E-Mail an info@completetoursegypt.com senden<\/p>\n\t\t\t\t\t\t\t\t\t\t\t\t<ul class=\"list clearfix\">\n\t\t\t\t\t\t\t\t\t\t\t\t\t\t\t\t\t\t\t\t\t\t\t\t\t<\/ul>\n\t\t\t\t\t\t\t\t\t\t\t<\/div>\n\t\t\t\t\t\t\t\t\t\t<\/div>\n\t\t\t\t\t\t\t\t\t<\/li>\n\t\t\t\t\t\t\t\t\t\t\t\t\t\t\t<\/ul>\n\t\t\t\t\t\t<\/div>\n\t\t\t\t\t\n\t\n\t\t<!-- faq-page-section end -->\n\t\t\t\t<\/div>\n\t\t\t\t<\/div>\n\t\t\t\t\t<\/div>\n\t\t<\/div>\n\t\t\t\t\t<\/div>\n\t\t<\/section>\n\t\t\t\t<\/div>\n\t\t","protected":false},"excerpt":{"rendered":"<p>COMPLETE TOURS EGYPT H\u00e4ufig gestellte Fragen Wie kann ich Kontakt aufnehmen, um weitere Informationen zu erhalten oder eine Tour zu buchen? Wir sind 24 Stunden am Tag, 7 Tage die Woche f\u00fcr Ihre Buchungsanfragen per E-Mail, Telefon, WhatsApp oder Live-Online-Chat erreichbar. Sie k\u00f6nnen auch ein Buchungsanfrageformular einsenden, in dem Sie die Reise, die Sie unternehmen [&hellip;]<\/p>\n","protected":false},"author":1,"featured_media":0,"parent":0,"menu_order":0,"comment_status":"closed","ping_status":"closed","template":"elementor_header_footer","meta":{"nf_dc_page":"","footnotes":""},"class_list":["post-1457","page","type-page","status-publish","hentry"],"yoast_head":"<!-- This site is optimized with the Yoast SEO Premium plugin v20.9 (Yoast SEO v27.4) - https:\/\/yoast.com\/product\/yoast-seo-premium-wordpress\/ -->\n<title>FAQ - Complete Tours Egypt<\/title>\n<meta name=\"description\" content=\"COMPLETE TOURS EGYPT Wir sind 24 Stunden am Tag, 7 Tage die Woche f\u00fcr Ihre Buchungsanfragen per E-Mail, Telefon, WhatsApp oder Live-Online\" \/>\n<meta name=\"robots\" content=\"index, follow, max-snippet:-1, max-image-preview:large, max-video-preview:-1\" \/>\n<link rel=\"canonical\" href=\"https:\/\/www.completetoursegypt.com\/de\/faq\/\" \/>\n<meta property=\"og:locale\" content=\"en_US\" \/>\n<meta property=\"og:type\" content=\"article\" \/>\n<meta property=\"og:title\" content=\"FAQ\" \/>\n<meta property=\"og:description\" content=\"COMPLETE TOURS EGYPT H\u00e4ufig gestellte Fragen Wie kann ich Kontakt aufnehmen, um weitere Informationen zu erhalten oder eine Tour zu buchen? Wir sind 24\" \/>\n<meta property=\"og:url\" content=\"https:\/\/www.completetoursegypt.com\/de\/faq\/\" \/>\n<meta property=\"og:site_name\" content=\"Complete Tours Egypt\" \/>\n<meta property=\"article:publisher\" content=\"https:\/\/www.facebook.com\/CompleteToursEgypt\" \/>\n<meta property=\"article:modified_time\" content=\"2023-03-31T19:22:33+00:00\" \/>\n<meta name=\"twitter:card\" content=\"summary_large_image\" \/>\n<meta name=\"twitter:site\" content=\"@Complete_Tours\" \/>\n<meta name=\"twitter:label1\" content=\"Est. reading time\" \/>\n\t<meta name=\"twitter:data1\" content=\"3 minutes\" \/>\n<script type=\"application\/ld+json\" class=\"yoast-schema-graph\">{\"@context\":\"https:\\\/\\\/schema.org\",\"@graph\":[{\"@type\":\"WebPage\",\"@id\":\"https:\\\/\\\/www.completetoursegypt.com\\\/de\\\/faq\\\/\",\"url\":\"https:\\\/\\\/www.completetoursegypt.com\\\/de\\\/faq\\\/\",\"name\":\"FAQ - Complete Tours Egypt\",\"isPartOf\":{\"@id\":\"https:\\\/\\\/www.completetoursegypt.com\\\/de\\\/#website\"},\"datePublished\":\"2021-02-02T05:59:30+00:00\",\"dateModified\":\"2023-03-31T19:22:33+00:00\",\"description\":\"COMPLETE TOURS EGYPT Wir sind 24 Stunden am Tag, 7 Tage die Woche f\u00fcr Ihre Buchungsanfragen per E-Mail, Telefon, WhatsApp oder Live-Online\",\"breadcrumb\":{\"@id\":\"https:\\\/\\\/www.completetoursegypt.com\\\/de\\\/faq\\\/#breadcrumb\"},\"inLanguage\":\"en-US\",\"potentialAction\":[{\"@type\":\"ReadAction\",\"target\":[\"https:\\\/\\\/www.completetoursegypt.com\\\/de\\\/faq\\\/\"]}]},{\"@type\":\"BreadcrumbList\",\"@id\":\"https:\\\/\\\/www.completetoursegypt.com\\\/de\\\/faq\\\/#breadcrumb\",\"itemListElement\":[{\"@type\":\"ListItem\",\"position\":1,\"name\":\"Home\",\"item\":\"https:\\\/\\\/www.completetoursegypt.com\\\/de\\\/\"},{\"@type\":\"ListItem\",\"position\":2,\"name\":\"FAQ\"}]},{\"@type\":\"WebSite\",\"@id\":\"https:\\\/\\\/www.completetoursegypt.com\\\/de\\\/#website\",\"url\":\"https:\\\/\\\/www.completetoursegypt.com\\\/de\\\/\",\"name\":\"Complete Tours Egypt\",\"description\":\"\u00c4gypten Touren und Ausfl\u00fcge\",\"publisher\":{\"@id\":\"https:\\\/\\\/www.completetoursegypt.com\\\/de\\\/#organization\"},\"potentialAction\":[{\"@type\":\"SearchAction\",\"target\":{\"@type\":\"EntryPoint\",\"urlTemplate\":\"https:\\\/\\\/www.completetoursegypt.com\\\/de\\\/?s={search_term_string}\"},\"query-input\":{\"@type\":\"PropertyValueSpecification\",\"valueRequired\":true,\"valueName\":\"search_term_string\"}}],\"inLanguage\":\"en-US\"},{\"@type\":\"Organization\",\"@id\":\"https:\\\/\\\/www.completetoursegypt.com\\\/de\\\/#organization\",\"name\":\"Complete Tours Egypt\",\"url\":\"https:\\\/\\\/www.completetoursegypt.com\\\/de\\\/\",\"logo\":{\"@type\":\"ImageObject\",\"inLanguage\":\"en-US\",\"@id\":\"https:\\\/\\\/www.completetoursegypt.com\\\/de\\\/#\\\/schema\\\/logo\\\/image\\\/\",\"url\":\"https:\\\/\\\/www.completetoursegypt.com\\\/de\\\/wp-content\\\/uploads\\\/2021\\\/07\\\/cropped-Complete-Tours-Logo.png\",\"contentUrl\":\"https:\\\/\\\/www.completetoursegypt.com\\\/de\\\/wp-content\\\/uploads\\\/2021\\\/07\\\/cropped-Complete-Tours-Logo.png\",\"width\":200,\"height\":80,\"caption\":\"Complete Tours Egypt\"},\"image\":{\"@id\":\"https:\\\/\\\/www.completetoursegypt.com\\\/de\\\/#\\\/schema\\\/logo\\\/image\\\/\"},\"sameAs\":[\"https:\\\/\\\/www.facebook.com\\\/CompleteToursEgypt\",\"https:\\\/\\\/x.com\\\/Complete_Tours\",\"https:\\\/\\\/www.instagram.com\\\/completetoursegypt\\\/\"]}]}<\/script>\n<!-- \/ Yoast SEO Premium plugin. -->","yoast_head_json":{"title":"FAQ - Complete Tours Egypt","description":"COMPLETE TOURS EGYPT Wir sind 24 Stunden am Tag, 7 Tage die Woche f\u00fcr Ihre Buchungsanfragen per E-Mail, Telefon, WhatsApp oder Live-Online","robots":{"index":"index","follow":"follow","max-snippet":"max-snippet:-1","max-image-preview":"max-image-preview:large","max-video-preview":"max-video-preview:-1"},"canonical":"https:\/\/www.completetoursegypt.com\/de\/faq\/","og_locale":"en_US","og_type":"article","og_title":"FAQ","og_description":"COMPLETE TOURS EGYPT H\u00e4ufig gestellte Fragen Wie kann ich Kontakt aufnehmen, um weitere Informationen zu erhalten oder eine Tour zu buchen? Wir sind 24","og_url":"https:\/\/www.completetoursegypt.com\/de\/faq\/","og_site_name":"Complete Tours Egypt","article_publisher":"https:\/\/www.facebook.com\/CompleteToursEgypt","article_modified_time":"2023-03-31T19:22:33+00:00","twitter_card":"summary_large_image","twitter_site":"@Complete_Tours","twitter_misc":{"Est. reading time":"3 minutes"},"schema":{"@context":"https:\/\/schema.org","@graph":[{"@type":"WebPage","@id":"https:\/\/www.completetoursegypt.com\/de\/faq\/","url":"https:\/\/www.completetoursegypt.com\/de\/faq\/","name":"FAQ - Complete Tours Egypt","isPartOf":{"@id":"https:\/\/www.completetoursegypt.com\/de\/#website"},"datePublished":"2021-02-02T05:59:30+00:00","dateModified":"2023-03-31T19:22:33+00:00","description":"COMPLETE TOURS EGYPT Wir sind 24 Stunden am Tag, 7 Tage die Woche f\u00fcr Ihre Buchungsanfragen per E-Mail, Telefon, WhatsApp oder Live-Online","breadcrumb":{"@id":"https:\/\/www.completetoursegypt.com\/de\/faq\/#breadcrumb"},"inLanguage":"en-US","potentialAction":[{"@type":"ReadAction","target":["https:\/\/www.completetoursegypt.com\/de\/faq\/"]}]},{"@type":"BreadcrumbList","@id":"https:\/\/www.completetoursegypt.com\/de\/faq\/#breadcrumb","itemListElement":[{"@type":"ListItem","position":1,"name":"Home","item":"https:\/\/www.completetoursegypt.com\/de\/"},{"@type":"ListItem","position":2,"name":"FAQ"}]},{"@type":"WebSite","@id":"https:\/\/www.completetoursegypt.com\/de\/#website","url":"https:\/\/www.completetoursegypt.com\/de\/","name":"Complete Tours Egypt","description":"\u00c4gypten Touren und Ausfl\u00fcge","publisher":{"@id":"https:\/\/www.completetoursegypt.com\/de\/#organization"},"potentialAction":[{"@type":"SearchAction","target":{"@type":"EntryPoint","urlTemplate":"https:\/\/www.completetoursegypt.com\/de\/?s={search_term_string}"},"query-input":{"@type":"PropertyValueSpecification","valueRequired":true,"valueName":"search_term_string"}}],"inLanguage":"en-US"},{"@type":"Organization","@id":"https:\/\/www.completetoursegypt.com\/de\/#organization","name":"Complete Tours Egypt","url":"https:\/\/www.completetoursegypt.com\/de\/","logo":{"@type":"ImageObject","inLanguage":"en-US","@id":"https:\/\/www.completetoursegypt.com\/de\/#\/schema\/logo\/image\/","url":"https:\/\/www.completetoursegypt.com\/de\/wp-content\/uploads\/2021\/07\/cropped-Complete-Tours-Logo.png","contentUrl":"https:\/\/www.completetoursegypt.com\/de\/wp-content\/uploads\/2021\/07\/cropped-Complete-Tours-Logo.png","width":200,"height":80,"caption":"Complete Tours Egypt"},"image":{"@id":"https:\/\/www.completetoursegypt.com\/de\/#\/schema\/logo\/image\/"},"sameAs":["https:\/\/www.facebook.com\/CompleteToursEgypt","https:\/\/x.com\/Complete_Tours","https:\/\/www.instagram.com\/completetoursegypt\/"]}]}},"_links":{"self":[{"href":"https:\/\/www.completetoursegypt.com\/de\/wp-json\/wp\/v2\/pages\/1457","targetHints":{"allow":["GET"]}}],"collection":[{"href":"https:\/\/www.completetoursegypt.com\/de\/wp-json\/wp\/v2\/pages"}],"about":[{"href":"https:\/\/www.completetoursegypt.com\/de\/wp-json\/wp\/v2\/types\/page"}],"author":[{"embeddable":true,"href":"https:\/\/www.completetoursegypt.com\/de\/wp-json\/wp\/v2\/users\/1"}],"replies":[{"embeddable":true,"href":"https:\/\/www.completetoursegypt.com\/de\/wp-json\/wp\/v2\/comments?post=1457"}],"version-history":[{"count":6,"href":"https:\/\/www.completetoursegypt.com\/de\/wp-json\/wp\/v2\/pages\/1457\/revisions"}],"predecessor-version":[{"id":15506,"href":"https:\/\/www.completetoursegypt.com\/de\/wp-json\/wp\/v2\/pages\/1457\/revisions\/15506"}],"wp:attachment":[{"href":"https:\/\/www.completetoursegypt.com\/de\/wp-json\/wp\/v2\/media?parent=1457"}],"curies":[{"name":"wp","href":"https:\/\/api.w.org\/{rel}","templated":true}]}}