{"id":1010,"date":"2022-02-16T04:52:55","date_gmt":"2022-02-16T04:52:55","guid":{"rendered":"https:\/\/www.completetoursegypt.com\/?page_id=1010"},"modified":"2023-03-27T19:58:00","modified_gmt":"2023-03-27T19:58:00","slug":"uber-uns","status":"publish","type":"page","link":"https:\/\/www.completetoursegypt.com\/de\/uber-uns\/","title":{"rendered":"\u00dcber uns"},"content":{"rendered":"\t\t<div data-elementor-type=\"wp-page\" data-elementor-id=\"1010\" class=\"elementor elementor-1010\">\n\t\t\t\t\t\t<section class=\"elementor-section elementor-top-section elementor-element elementor-element-0cd9386 elementor-section-full_width elementor-section-stretched elementor-section-height-default elementor-section-height-default\" data-id=\"0cd9386\" data-element_type=\"section\" data-e-type=\"section\" data-settings=\"{&quot;stretch_section&quot;:&quot;section-stretched&quot;}\">\n\t\t\t\t\t\t<div class=\"elementor-container elementor-column-gap-no\">\n\t\t\t\t\t<div class=\"elementor-column elementor-col-100 elementor-top-column elementor-element elementor-element-6d9dd6a\" data-id=\"6d9dd6a\" data-element_type=\"column\" data-e-type=\"column\">\n\t\t\t<div class=\"elementor-widget-wrap elementor-element-populated\">\n\t\t\t\t\t\t<div class=\"elementor-element elementor-element-f96a7d1 elementor-widget elementor-widget-travio_about\" data-id=\"f96a7d1\" data-element_type=\"widget\" data-e-type=\"widget\" data-widget_type=\"travio_about.default\">\n\t\t\t\t<div class=\"elementor-widget-container\">\n\t\t\t\t\t\t\t\t<section class=\"about-style-two\">\n\t\t\t\t<div class=\"pattern-layer\" style=\"background-image: url()\"><\/div>\n\t\t\t\t<div class=\"auto-container\">\n\t\t\t\t\t<div class=\"row clearfix\">\n\t\t\t\t\t\t<div class=\"col-lg-6 col-md-12 col-sm-12 content-column\">\n\t\t\t\t\t\t\t<div class=\"content_block_1\">\n\t\t\t\t\t\t\t\t<div class=\"content-box\">\n\t\t\t\t\t\t\t\t\t<div class=\"sec-title\">\n\t\t\t\t\t\t\t\t\t\t<p>\u00dcBER UNS<\/p>\n\t\t\t\t\t\t\t\t\t\t<h2>COMPLETE TOURS EGYPT<\/h2>\n\t\t\t\t\t\t\t\t\t<\/div>\n\t\t\t\t\t\t\t\t\t<div class=\"text\">\n\t\t\t\t\t\t\t\t\t\t<p>Luxusreisegesellschaft, die Komfort und Authentizit\u00e4t in den wichtigsten Zielen \u00c4gyptens vereint. Wir sind spezialisiert auf die Organisation von Touren in \u00c4gypten. Wir bieten Pauschalangebote f\u00fcr Touristen, Tagesausfl\u00fcge, Seereisen, historische Touren und Kulturerbetouren sowie viele andere Aktivit\u00e4ten und Serviceleistungen f\u00fcr Reisende, die einen hochwertigen und effizienten Service mit pers\u00f6nlicher Note und Sorgfalt zu guten Preisen suchen. Machen Sie Ihren Traumurlaub wahr ist unser Ziel. Wir sind stolz darauf, Ihnen zu dienen.<\/p>\n\t\t\t\t\t\t\t\t\t<\/div>\n\t\t\t\t\t\t\t\t\t<div class=\"btn-box\">\n\t\t\t\t\t\t\t\t\t\t<a href=\"\" target=\"_blank\" rel=\"nofollow\" class=\"theme-btn\"><\/a>\n\t\t\t\t\t\t\t\t\t<\/div>\n\t\t\t\t\t\t\t\t<\/div>\n\t\t\t\t\t\t\t<\/div>\n\t\t\t\t\t\t<\/div>\n\t\t\t\t\t\t<div class=\"col-lg-6 col-md-6 col-sm-12 image-column\">\n\t\t\t\t\t\t\t<div class=\"image_block_2\">\n\t\t\t\t\t\t\t\t<div class=\"image-box\">\n\t\t\t\t\t\t\t\t\t<div class=\"shape\">\n\t\t\t\t\t\t\t\t\t\t<div class=\"shape-1\" style=\"background-image: url()\"><\/div>\n\t\t\t\t\t\t\t\t\t\t<div class=\"shape-2\" style=\"background-image: url()\"><\/div>\n\t\t\t\t\t\t\t\t\t\t<div class=\"shape-3\" style=\"background-image: url()\"><\/div>\n\t\t\t\t\t\t\t\t\t<\/div>\n\t\t\t\t\t\t\t\t\t<figure class=\"image\">\n\t\t\t\t\t\t\t\t\t\t\t\t\t\t\t\t\t\t\t\t\t<img decoding=\"async\" src=\"https:\/\/www.completetoursegypt.com\/de\/wp-content\/uploads\/2021\/07\/Complete-Tours-Logo.png\" alt=\"\">\n\t\t\t\t\t\t\t\t\t\t\t\t\t\t\t\t\t\t\t\t<\/figure>\n\t\t\t\t\t\t\t\t<\/div>\n\t\t\t\t\t\t\t<\/div>\n\t\t\t\t\t\t<\/div>\n\t\t\t\t\t<\/div>\n\t\t\t\t<\/div>\n\t\t\t<\/section>\n\t\t\t\t\t\t\t<\/div>\n\t\t\t\t<\/div>\n\t\t\t\t\t<\/div>\n\t\t<\/div>\n\t\t\t\t\t<\/div>\n\t\t<\/section>\n\t\t\t\t<section class=\"elementor-section elementor-top-section elementor-element elementor-element-1f674ea elementor-section-full_width elementor-section-stretched elementor-section-height-default elementor-section-height-default\" data-id=\"1f674ea\" data-element_type=\"section\" data-e-type=\"section\" data-settings=\"{&quot;stretch_section&quot;:&quot;section-stretched&quot;}\">\n\t\t\t\t\t\t<div class=\"elementor-container elementor-column-gap-no\">\n\t\t\t\t\t<div class=\"elementor-column elementor-col-100 elementor-top-column elementor-element elementor-element-b4a5519\" data-id=\"b4a5519\" data-element_type=\"column\" data-e-type=\"column\">\n\t\t\t<div class=\"elementor-widget-wrap elementor-element-populated\">\n\t\t\t\t\t\t<div class=\"elementor-element elementor-element-daca06e elementor-widget elementor-widget-travio_place_block\" data-id=\"daca06e\" data-element_type=\"widget\" data-e-type=\"widget\" data-widget_type=\"travio_place_block.default\">\n\t\t\t\t<div class=\"elementor-widget-container\">\n\t\t\t\t\t\t\t\t<section class=\"place-section style-two sec-pad bg-color-1\">\n\t\t\t\t<div class=\"anim-icon\">\n\t\t\t\t\t<div class=\"icon anim-icon-1\" style=\"background-image: url();\"><\/div>\n\t\t\t\t\t<div class=\"icon anim-icon-2\" style=\"background-image: url();\"><\/div>\n\t\t\t\t\t<div class=\"icon anim-icon-3\" style=\"background-image: url();\"><\/div>\n\t\t\t\t<\/div>\n\t\t\t\t<div class=\"auto-container\">\n\t\t\t\t\t<div class=\"sec-title centred\">\n\t\t\t\t\t\t<p>W\u00c4HLEN SIE IHREN ORT<\/p>\n\t\t\t\t\t\t<h2>Entdecken Sie unsere beliebten Reiseziele<\/h2>\n\t\t\t\t\t<\/div>\n\t\t\t\t\t<div class=\"row clearfix\">\n\t\t\t\t\t\t\t\t\t\t\t\t\t<div class=\"col-lg-4 col-md-6 col-sm-12 title-column\">\n\t\t\t\t\t\t\t\t<div class=\"place-block-one\">\n\t\t\t\t\t\t\t\t\t<div class=\"inner-box\">\n\t\t\t\t\t\t\t\t\t\t<figure class=\"image-box\">\n\t\t\t\t\t\t\t\t\t\t\t\t\t\t\t\t\t\t\t\t\t\t\t<img decoding=\"async\" src=\"https:\/\/www.completetoursegypt.com\/de\/wp-content\/uploads\/2021\/07\/Hurghada-01.jpg\" alt=\"\">\n\t\t\t\t\t\t\t\t\t\t\t\t\t\t\t\t\t\t\t\t\t\t<\/figure>\n\t\t\t\t\t\t\t\t\t\t<div class=\"text\">\n\t\t\t\t\t\t\t\t\t\t\t<h3><a href=\"https:\/\/www.completetoursegypt.com\/de\/agypten-ausfluge\/ausfluege-und-touren-von-hurghada\/\" target=\"_blank\" rel=\"nofollow\">Hurghada<\/a><\/h3>\n\t\t\t\t\t\t\t\t\t\t<\/div>\n\t\t\t\t\t\t\t\t\t<\/div>\n\t\t\t\t\t\t\t\t<\/div>\n\t\t\t\t\t\t\t<\/div>\n\t\t\t\t\t\t\t\t\t\t\t\t\t\t<div class=\"col-lg-4 col-md-6 col-sm-12 title-column\">\n\t\t\t\t\t\t\t\t<div class=\"place-block-one\">\n\t\t\t\t\t\t\t\t\t<div class=\"inner-box\">\n\t\t\t\t\t\t\t\t\t\t<figure class=\"image-box\">\n\t\t\t\t\t\t\t\t\t\t\t\t\t\t\t\t\t\t\t\t\t\t\t<img decoding=\"async\" src=\"https:\/\/www.completetoursegypt.com\/de\/wp-content\/uploads\/2021\/07\/El-Gouna.jpg\" alt=\"\">\n\t\t\t\t\t\t\t\t\t\t\t\t\t\t\t\t\t\t\t\t\t\t<\/figure>\n\t\t\t\t\t\t\t\t\t\t<div class=\"text\">\n\t\t\t\t\t\t\t\t\t\t\t<h3><a href=\"https:\/\/www.completetoursegypt.com\/de\/agypten-ausfluge\/ausfluege-und-touren-von-el-gouna\/\" target=\"_blank\" rel=\"nofollow\">El Gouna<\/a><\/h3>\n\t\t\t\t\t\t\t\t\t\t<\/div>\n\t\t\t\t\t\t\t\t\t<\/div>\n\t\t\t\t\t\t\t\t<\/div>\n\t\t\t\t\t\t\t<\/div>\n\t\t\t\t\t\t\t\t\t\t\t\t\t\t<div class=\"col-lg-4 col-md-6 col-sm-12 title-column\">\n\t\t\t\t\t\t\t\t<div class=\"place-block-one\">\n\t\t\t\t\t\t\t\t\t<div class=\"inner-box\">\n\t\t\t\t\t\t\t\t\t\t<figure class=\"image-box\">\n\t\t\t\t\t\t\t\t\t\t\t\t\t\t\t\t\t\t\t\t\t\t\t<img decoding=\"async\" src=\"https:\/\/www.completetoursegypt.com\/de\/wp-content\/uploads\/2022\/04\/marsa-alam-egypt.jpg\" alt=\"\">\n\t\t\t\t\t\t\t\t\t\t\t\t\t\t\t\t\t\t\t\t\t\t<\/figure>\n\t\t\t\t\t\t\t\t\t\t<div class=\"text\">\n\t\t\t\t\t\t\t\t\t\t\t<h3><a href=\"https:\/\/www.completetoursegypt.com\/de\/agypten-ausfluge\/ausfluege-und-touren-von-marsa-alam\/\" target=\"_blank\" rel=\"nofollow\">Marsa Alam<\/a><\/h3>\n\t\t\t\t\t\t\t\t\t\t<\/div>\n\t\t\t\t\t\t\t\t\t<\/div>\n\t\t\t\t\t\t\t\t<\/div>\n\t\t\t\t\t\t\t<\/div>\n\t\t\t\t\t\t\t\t\t\t\t\t\t\t<div class=\"col-lg-4 col-md-6 col-sm-12 title-column\">\n\t\t\t\t\t\t\t\t<div class=\"place-block-one\">\n\t\t\t\t\t\t\t\t\t<div class=\"inner-box\">\n\t\t\t\t\t\t\t\t\t\t<figure class=\"image-box\">\n\t\t\t\t\t\t\t\t\t\t\t\t\t\t\t\t\t\t\t\t\t\t\t<img decoding=\"async\" src=\"https:\/\/www.completetoursegypt.com\/de\/wp-content\/uploads\/2021\/07\/Luxor-01.jpg\" alt=\"\">\n\t\t\t\t\t\t\t\t\t\t\t\t\t\t\t\t\t\t\t\t\t\t<\/figure>\n\t\t\t\t\t\t\t\t\t\t<div class=\"text\">\n\t\t\t\t\t\t\t\t\t\t\t<h3><a href=\"https:\/\/www.completetoursegypt.com\/our-destinations\/excursions-and-tours-from-luxor\/\" target=\"_blank\" rel=\"nofollow\">Luxor<\/a><\/h3>\n\t\t\t\t\t\t\t\t\t\t<\/div>\n\t\t\t\t\t\t\t\t\t<\/div>\n\t\t\t\t\t\t\t\t<\/div>\n\t\t\t\t\t\t\t<\/div>\n\t\t\t\t\t\t\t\t\t\t\t\t\t\t<div class=\"col-lg-4 col-md-6 col-sm-12 title-column\">\n\t\t\t\t\t\t\t\t<div class=\"place-block-one\">\n\t\t\t\t\t\t\t\t\t<div class=\"inner-box\">\n\t\t\t\t\t\t\t\t\t\t<figure class=\"image-box\">\n\t\t\t\t\t\t\t\t\t\t\t\t\t\t\t\t\t\t\t\t\t\t\t<img decoding=\"async\" src=\"https:\/\/www.completetoursegypt.com\/de\/wp-content\/uploads\/2021\/10\/Sahl-Hasheesh-Excursions.jpg\" alt=\"\">\n\t\t\t\t\t\t\t\t\t\t\t\t\t\t\t\t\t\t\t\t\t\t<\/figure>\n\t\t\t\t\t\t\t\t\t\t<div class=\"text\">\n\t\t\t\t\t\t\t\t\t\t\t<h3><a href=\"https:\/\/www.completetoursegypt.com\/de\/agypten-ausfluge\/ausfluege-und-touren-von-sahl-hasheesh\/\" target=\"_blank\" rel=\"nofollow\">Sahl Hasheesh<\/a><\/h3>\n\t\t\t\t\t\t\t\t\t\t<\/div>\n\t\t\t\t\t\t\t\t\t<\/div>\n\t\t\t\t\t\t\t\t<\/div>\n\t\t\t\t\t\t\t<\/div>\n\t\t\t\t\t\t\t\t\t\t\t\t\t<div class=\"col-lg-4 col-md-6 col-sm-12 link-column\">\n\t\t\t\t\t\t\t<div class=\"link-box centred white-bg\">\n\t\t\t\t\t\t\t\t<h3><\/h3>\n\t\t\t\t\t\t\t\t<a href=\"https:\/\/www.completetoursegypt.com\/de\/agypten-ausfluge\/\" target=\"_blank\" rel=\"nofollow\" class=\"theme-btn\">Alles ansehen<\/a>\n\t\t\t\t\t\t\t<\/div>\n\t\t\t\t\t\t<\/div>\n\t\t\t\t\t<\/div>\n\t\t\t\t<\/div>\n\t\t\t<\/section>\n\t\t\t\t\t\t\t<\/div>\n\t\t\t\t<\/div>\n\t\t\t\t\t<\/div>\n\t\t<\/div>\n\t\t\t\t\t<\/div>\n\t\t<\/section>\n\t\t\t\t<\/div>\n\t\t","protected":false},"excerpt":{"rendered":"<p>\u00dcBER UNS COMPLETE TOURS EGYPT Luxusreisegesellschaft, die Komfort und Authentizit\u00e4t in den wichtigsten Zielen \u00c4gyptens vereint. Wir sind spezialisiert auf die Organisation von Touren in \u00c4gypten. Wir bieten Pauschalangebote f\u00fcr Touristen, Tagesausfl\u00fcge, Seereisen, historische Touren und Kulturerbetouren sowie viele andere Aktivit\u00e4ten und Serviceleistungen f\u00fcr Reisende, die einen hochwertigen und effizienten Service mit pers\u00f6nlicher Note und [&hellip;]<\/p>\n","protected":false},"author":1,"featured_media":9258,"parent":0,"menu_order":0,"comment_status":"closed","ping_status":"closed","template":"elementor_header_footer","meta":{"nf_dc_page":"","footnotes":""},"class_list":["post-1010","page","type-page","status-publish","has-post-thumbnail","hentry"],"yoast_head":"<!-- This site is optimized with the Yoast SEO Premium plugin v20.9 (Yoast SEO v27.4) - https:\/\/yoast.com\/product\/yoast-seo-premium-wordpress\/ -->\n<title>\u00dcber uns - Complete Tours Egypt<\/title>\n<meta name=\"description\" content=\"\u00dcBER UNSCOMPLETE TOURS EGYPT Luxusreisegesellschaft, die Komfort und Authentizit\u00e4t in den wichtigsten Zielen \u00c4gyptens vereint.\" \/>\n<meta name=\"robots\" content=\"index, follow, max-snippet:-1, max-image-preview:large, max-video-preview:-1\" \/>\n<link rel=\"canonical\" href=\"https:\/\/www.completetoursegypt.com\/de\/uber-uns\/\" \/>\n<meta property=\"og:locale\" content=\"en_US\" \/>\n<meta property=\"og:type\" content=\"article\" \/>\n<meta property=\"og:title\" content=\"\u00dcber uns\" \/>\n<meta property=\"og:description\" content=\"\u00dcBER UNS COMPLETE TOURS EGYPT Luxusreisegesellschaft, die Komfort und Authentizit\u00e4t in den wichtigsten Zielen \u00c4gyptens vereint. Wir sind spezialisiert auf\" \/>\n<meta property=\"og:url\" content=\"https:\/\/www.completetoursegypt.com\/de\/uber-uns\/\" \/>\n<meta property=\"og:site_name\" content=\"Complete Tours Egypt\" \/>\n<meta property=\"article:publisher\" content=\"https:\/\/www.facebook.com\/CompleteToursEgypt\" \/>\n<meta property=\"article:modified_time\" content=\"2023-03-27T19:58:00+00:00\" \/>\n<meta property=\"og:image\" content=\"https:\/\/www.completetoursegypt.com\/de\/wp-content\/uploads\/2022\/04\/Hurghada-Tours.jpg\" \/>\n\t<meta property=\"og:image:width\" content=\"1900\" \/>\n\t<meta property=\"og:image:height\" content=\"500\" \/>\n\t<meta property=\"og:image:type\" content=\"image\/jpeg\" \/>\n<meta name=\"twitter:card\" content=\"summary_large_image\" \/>\n<meta name=\"twitter:site\" content=\"@Complete_Tours\" \/>\n<meta name=\"twitter:label1\" content=\"Est. reading time\" \/>\n\t<meta name=\"twitter:data1\" content=\"2 minutes\" \/>\n<script type=\"application\/ld+json\" class=\"yoast-schema-graph\">{\"@context\":\"https:\\\/\\\/schema.org\",\"@graph\":[{\"@type\":\"WebPage\",\"@id\":\"https:\\\/\\\/www.completetoursegypt.com\\\/de\\\/uber-uns\\\/\",\"url\":\"https:\\\/\\\/www.completetoursegypt.com\\\/de\\\/uber-uns\\\/\",\"name\":\"\u00dcber uns - Complete Tours Egypt\",\"isPartOf\":{\"@id\":\"https:\\\/\\\/www.completetoursegypt.com\\\/de\\\/#website\"},\"primaryImageOfPage\":{\"@id\":\"https:\\\/\\\/www.completetoursegypt.com\\\/de\\\/uber-uns\\\/#primaryimage\"},\"image\":{\"@id\":\"https:\\\/\\\/www.completetoursegypt.com\\\/de\\\/uber-uns\\\/#primaryimage\"},\"thumbnailUrl\":\"https:\\\/\\\/www.completetoursegypt.com\\\/de\\\/wp-content\\\/uploads\\\/2022\\\/04\\\/Hurghada-Tours.jpg\",\"datePublished\":\"2022-02-16T04:52:55+00:00\",\"dateModified\":\"2023-03-27T19:58:00+00:00\",\"description\":\"\u00dcBER UNSCOMPLETE TOURS EGYPT Luxusreisegesellschaft, die Komfort und Authentizit\u00e4t in den wichtigsten Zielen \u00c4gyptens vereint.\",\"breadcrumb\":{\"@id\":\"https:\\\/\\\/www.completetoursegypt.com\\\/de\\\/uber-uns\\\/#breadcrumb\"},\"inLanguage\":\"en-US\",\"potentialAction\":[{\"@type\":\"ReadAction\",\"target\":[\"https:\\\/\\\/www.completetoursegypt.com\\\/de\\\/uber-uns\\\/\"]}]},{\"@type\":\"ImageObject\",\"inLanguage\":\"en-US\",\"@id\":\"https:\\\/\\\/www.completetoursegypt.com\\\/de\\\/uber-uns\\\/#primaryimage\",\"url\":\"https:\\\/\\\/www.completetoursegypt.com\\\/de\\\/wp-content\\\/uploads\\\/2022\\\/04\\\/Hurghada-Tours.jpg\",\"contentUrl\":\"https:\\\/\\\/www.completetoursegypt.com\\\/de\\\/wp-content\\\/uploads\\\/2022\\\/04\\\/Hurghada-Tours.jpg\",\"width\":1900,\"height\":500},{\"@type\":\"BreadcrumbList\",\"@id\":\"https:\\\/\\\/www.completetoursegypt.com\\\/de\\\/uber-uns\\\/#breadcrumb\",\"itemListElement\":[{\"@type\":\"ListItem\",\"position\":1,\"name\":\"Home\",\"item\":\"https:\\\/\\\/www.completetoursegypt.com\\\/de\\\/\"},{\"@type\":\"ListItem\",\"position\":2,\"name\":\"\u00dcber uns\"}]},{\"@type\":\"WebSite\",\"@id\":\"https:\\\/\\\/www.completetoursegypt.com\\\/de\\\/#website\",\"url\":\"https:\\\/\\\/www.completetoursegypt.com\\\/de\\\/\",\"name\":\"Complete Tours Egypt\",\"description\":\"\u00c4gypten Touren und Ausfl\u00fcge\",\"publisher\":{\"@id\":\"https:\\\/\\\/www.completetoursegypt.com\\\/de\\\/#organization\"},\"potentialAction\":[{\"@type\":\"SearchAction\",\"target\":{\"@type\":\"EntryPoint\",\"urlTemplate\":\"https:\\\/\\\/www.completetoursegypt.com\\\/de\\\/?s={search_term_string}\"},\"query-input\":{\"@type\":\"PropertyValueSpecification\",\"valueRequired\":true,\"valueName\":\"search_term_string\"}}],\"inLanguage\":\"en-US\"},{\"@type\":\"Organization\",\"@id\":\"https:\\\/\\\/www.completetoursegypt.com\\\/de\\\/#organization\",\"name\":\"Complete Tours Egypt\",\"url\":\"https:\\\/\\\/www.completetoursegypt.com\\\/de\\\/\",\"logo\":{\"@type\":\"ImageObject\",\"inLanguage\":\"en-US\",\"@id\":\"https:\\\/\\\/www.completetoursegypt.com\\\/de\\\/#\\\/schema\\\/logo\\\/image\\\/\",\"url\":\"https:\\\/\\\/www.completetoursegypt.com\\\/de\\\/wp-content\\\/uploads\\\/2021\\\/07\\\/cropped-Complete-Tours-Logo.png\",\"contentUrl\":\"https:\\\/\\\/www.completetoursegypt.com\\\/de\\\/wp-content\\\/uploads\\\/2021\\\/07\\\/cropped-Complete-Tours-Logo.png\",\"width\":200,\"height\":80,\"caption\":\"Complete Tours Egypt\"},\"image\":{\"@id\":\"https:\\\/\\\/www.completetoursegypt.com\\\/de\\\/#\\\/schema\\\/logo\\\/image\\\/\"},\"sameAs\":[\"https:\\\/\\\/www.facebook.com\\\/CompleteToursEgypt\",\"https:\\\/\\\/x.com\\\/Complete_Tours\",\"https:\\\/\\\/www.instagram.com\\\/completetoursegypt\\\/\"]}]}<\/script>\n<!-- \/ Yoast SEO Premium plugin. -->","yoast_head_json":{"title":"\u00dcber uns - Complete Tours Egypt","description":"\u00dcBER UNSCOMPLETE TOURS EGYPT Luxusreisegesellschaft, die Komfort und Authentizit\u00e4t in den wichtigsten Zielen \u00c4gyptens vereint.","robots":{"index":"index","follow":"follow","max-snippet":"max-snippet:-1","max-image-preview":"max-image-preview:large","max-video-preview":"max-video-preview:-1"},"canonical":"https:\/\/www.completetoursegypt.com\/de\/uber-uns\/","og_locale":"en_US","og_type":"article","og_title":"\u00dcber uns","og_description":"\u00dcBER UNS COMPLETE TOURS EGYPT Luxusreisegesellschaft, die Komfort und Authentizit\u00e4t in den wichtigsten Zielen \u00c4gyptens vereint. Wir sind spezialisiert auf","og_url":"https:\/\/www.completetoursegypt.com\/de\/uber-uns\/","og_site_name":"Complete Tours Egypt","article_publisher":"https:\/\/www.facebook.com\/CompleteToursEgypt","article_modified_time":"2023-03-27T19:58:00+00:00","og_image":[{"width":1900,"height":500,"url":"https:\/\/www.completetoursegypt.com\/de\/wp-content\/uploads\/2022\/04\/Hurghada-Tours.jpg","type":"image\/jpeg"}],"twitter_card":"summary_large_image","twitter_site":"@Complete_Tours","twitter_misc":{"Est. reading time":"2 minutes"},"schema":{"@context":"https:\/\/schema.org","@graph":[{"@type":"WebPage","@id":"https:\/\/www.completetoursegypt.com\/de\/uber-uns\/","url":"https:\/\/www.completetoursegypt.com\/de\/uber-uns\/","name":"\u00dcber uns - Complete Tours Egypt","isPartOf":{"@id":"https:\/\/www.completetoursegypt.com\/de\/#website"},"primaryImageOfPage":{"@id":"https:\/\/www.completetoursegypt.com\/de\/uber-uns\/#primaryimage"},"image":{"@id":"https:\/\/www.completetoursegypt.com\/de\/uber-uns\/#primaryimage"},"thumbnailUrl":"https:\/\/www.completetoursegypt.com\/de\/wp-content\/uploads\/2022\/04\/Hurghada-Tours.jpg","datePublished":"2022-02-16T04:52:55+00:00","dateModified":"2023-03-27T19:58:00+00:00","description":"\u00dcBER UNSCOMPLETE TOURS EGYPT Luxusreisegesellschaft, die Komfort und Authentizit\u00e4t in den wichtigsten Zielen \u00c4gyptens vereint.","breadcrumb":{"@id":"https:\/\/www.completetoursegypt.com\/de\/uber-uns\/#breadcrumb"},"inLanguage":"en-US","potentialAction":[{"@type":"ReadAction","target":["https:\/\/www.completetoursegypt.com\/de\/uber-uns\/"]}]},{"@type":"ImageObject","inLanguage":"en-US","@id":"https:\/\/www.completetoursegypt.com\/de\/uber-uns\/#primaryimage","url":"https:\/\/www.completetoursegypt.com\/de\/wp-content\/uploads\/2022\/04\/Hurghada-Tours.jpg","contentUrl":"https:\/\/www.completetoursegypt.com\/de\/wp-content\/uploads\/2022\/04\/Hurghada-Tours.jpg","width":1900,"height":500},{"@type":"BreadcrumbList","@id":"https:\/\/www.completetoursegypt.com\/de\/uber-uns\/#breadcrumb","itemListElement":[{"@type":"ListItem","position":1,"name":"Home","item":"https:\/\/www.completetoursegypt.com\/de\/"},{"@type":"ListItem","position":2,"name":"\u00dcber uns"}]},{"@type":"WebSite","@id":"https:\/\/www.completetoursegypt.com\/de\/#website","url":"https:\/\/www.completetoursegypt.com\/de\/","name":"Complete Tours Egypt","description":"\u00c4gypten Touren und Ausfl\u00fcge","publisher":{"@id":"https:\/\/www.completetoursegypt.com\/de\/#organization"},"potentialAction":[{"@type":"SearchAction","target":{"@type":"EntryPoint","urlTemplate":"https:\/\/www.completetoursegypt.com\/de\/?s={search_term_string}"},"query-input":{"@type":"PropertyValueSpecification","valueRequired":true,"valueName":"search_term_string"}}],"inLanguage":"en-US"},{"@type":"Organization","@id":"https:\/\/www.completetoursegypt.com\/de\/#organization","name":"Complete Tours Egypt","url":"https:\/\/www.completetoursegypt.com\/de\/","logo":{"@type":"ImageObject","inLanguage":"en-US","@id":"https:\/\/www.completetoursegypt.com\/de\/#\/schema\/logo\/image\/","url":"https:\/\/www.completetoursegypt.com\/de\/wp-content\/uploads\/2021\/07\/cropped-Complete-Tours-Logo.png","contentUrl":"https:\/\/www.completetoursegypt.com\/de\/wp-content\/uploads\/2021\/07\/cropped-Complete-Tours-Logo.png","width":200,"height":80,"caption":"Complete Tours Egypt"},"image":{"@id":"https:\/\/www.completetoursegypt.com\/de\/#\/schema\/logo\/image\/"},"sameAs":["https:\/\/www.facebook.com\/CompleteToursEgypt","https:\/\/x.com\/Complete_Tours","https:\/\/www.instagram.com\/completetoursegypt\/"]}]}},"_links":{"self":[{"href":"https:\/\/www.completetoursegypt.com\/de\/wp-json\/wp\/v2\/pages\/1010","targetHints":{"allow":["GET"]}}],"collection":[{"href":"https:\/\/www.completetoursegypt.com\/de\/wp-json\/wp\/v2\/pages"}],"about":[{"href":"https:\/\/www.completetoursegypt.com\/de\/wp-json\/wp\/v2\/types\/page"}],"author":[{"embeddable":true,"href":"https:\/\/www.completetoursegypt.com\/de\/wp-json\/wp\/v2\/users\/1"}],"replies":[{"embeddable":true,"href":"https:\/\/www.completetoursegypt.com\/de\/wp-json\/wp\/v2\/comments?post=1010"}],"version-history":[{"count":15,"href":"https:\/\/www.completetoursegypt.com\/de\/wp-json\/wp\/v2\/pages\/1010\/revisions"}],"predecessor-version":[{"id":15475,"href":"https:\/\/www.completetoursegypt.com\/de\/wp-json\/wp\/v2\/pages\/1010\/revisions\/15475"}],"wp:featuredmedia":[{"embeddable":true,"href":"https:\/\/www.completetoursegypt.com\/de\/wp-json\/wp\/v2\/media\/9258"}],"wp:attachment":[{"href":"https:\/\/www.completetoursegypt.com\/de\/wp-json\/wp\/v2\/media?parent=1010"}],"curies":[{"name":"wp","href":"https:\/\/api.w.org\/{rel}","templated":true}]}}